{"id":14305,"date":"2025-05-19T07:29:56","date_gmt":"2025-05-19T05:29:56","guid":{"rendered":"https:\/\/www.meditempus.com\/candidats\/"},"modified":"2026-01-13T13:03:42","modified_gmt":"2026-01-13T11:03:42","slug":"candidats","status":"publish","type":"page","link":"https:\/\/www.meditempus.com\/ca\/candidats\/","title":{"rendered":"Candidats"},"content":{"rendered":"","protected":false},"excerpt":{"rendered":"","protected":false},"author":2,"featured_media":0,"parent":0,"menu_order":10,"comment_status":"closed","ping_status":"closed","template":"template-modular.php","meta":{"footnotes":""},"class_list":["post-14305","page","type-page","status-publish","hentry"],"yoast_head":"<!-- This site is optimized with the Yoast SEO plugin v27.5 - https:\/\/yoast.com\/product\/yoast-seo-wordpress\/ -->\n<title>Candidats | Meditempus<\/title>\n<meta name=\"description\" content=\"Dona&#039;t d&#039;alta i accedeix a les nostres ofertes d&#039;ocupaci\u00f3 di\u00e0ries adaptades al teu perfil. Troba la teva pr\u00f2xima feina amb Meditempus.\" \/>\n<meta name=\"robots\" content=\"index, follow, max-snippet:-1, max-image-preview:large, max-video-preview:-1\" \/>\n<link rel=\"canonical\" href=\"https:\/\/www.meditempus.com\/ca\/candidats\/\" \/>\n<meta property=\"og:locale\" content=\"ca_ES\" \/>\n<meta property=\"og:type\" content=\"article\" \/>\n<meta property=\"og:title\" content=\"Candidats | Meditempus\" \/>\n<meta property=\"og:description\" content=\"Dona&#039;t d&#039;alta i accedeix a les nostres ofertes d&#039;ocupaci\u00f3 di\u00e0ries adaptades al teu perfil. Troba la teva pr\u00f2xima feina amb Meditempus.\" \/>\n<meta property=\"og:url\" content=\"https:\/\/www.meditempus.com\/ca\/candidats\/\" \/>\n<meta property=\"og:site_name\" content=\"Meditempus\" \/>\n<meta property=\"article:modified_time\" content=\"2026-01-13T11:03:42+00:00\" \/>\n<meta name=\"twitter:card\" content=\"summary_large_image\" \/>\n<script type=\"application\/ld+json\" class=\"yoast-schema-graph\">{\"@context\":\"https:\\\/\\\/schema.org\",\"@graph\":[{\"@type\":\"WebPage\",\"@id\":\"https:\\\/\\\/www.meditempus.com\\\/ca\\\/candidats\\\/\",\"url\":\"https:\\\/\\\/www.meditempus.com\\\/ca\\\/candidats\\\/\",\"name\":\"Candidats | Meditempus\",\"isPartOf\":{\"@id\":\"https:\\\/\\\/www.meditempus.com\\\/ca\\\/#website\"},\"datePublished\":\"2025-05-19T05:29:56+00:00\",\"dateModified\":\"2026-01-13T11:03:42+00:00\",\"description\":\"Dona't d'alta i accedeix a les nostres ofertes d'ocupaci\u00f3 di\u00e0ries adaptades al teu perfil. Troba la teva pr\u00f2xima feina amb Meditempus.\",\"breadcrumb\":{\"@id\":\"https:\\\/\\\/www.meditempus.com\\\/ca\\\/candidats\\\/#breadcrumb\"},\"inLanguage\":\"ca\",\"potentialAction\":[{\"@type\":\"ReadAction\",\"target\":[\"https:\\\/\\\/www.meditempus.com\\\/ca\\\/candidats\\\/\"]}]},{\"@type\":\"BreadcrumbList\",\"@id\":\"https:\\\/\\\/www.meditempus.com\\\/ca\\\/candidats\\\/#breadcrumb\",\"itemListElement\":[{\"@type\":\"ListItem\",\"position\":1,\"name\":\"Home\",\"item\":\"https:\\\/\\\/www.meditempus.com\\\/ca\\\/\"},{\"@type\":\"ListItem\",\"position\":2,\"name\":\"Candidats\"}]},{\"@type\":\"WebSite\",\"@id\":\"https:\\\/\\\/www.meditempus.com\\\/ca\\\/#website\",\"url\":\"https:\\\/\\\/www.meditempus.com\\\/ca\\\/\",\"name\":\"Meditempus\",\"description\":\"En Meditempus unimos personas, talento y futuro\",\"potentialAction\":[{\"@type\":\"SearchAction\",\"target\":{\"@type\":\"EntryPoint\",\"urlTemplate\":\"https:\\\/\\\/www.meditempus.com\\\/ca\\\/?s={search_term_string}\"},\"query-input\":{\"@type\":\"PropertyValueSpecification\",\"valueRequired\":true,\"valueName\":\"search_term_string\"}}],\"inLanguage\":\"ca\"}]}<\/script>\n<!-- \/ Yoast SEO plugin. -->","yoast_head_json":{"title":"Candidats | Meditempus","description":"Dona't d'alta i accedeix a les nostres ofertes d'ocupaci\u00f3 di\u00e0ries adaptades al teu perfil. Troba la teva pr\u00f2xima feina amb Meditempus.","robots":{"index":"index","follow":"follow","max-snippet":"max-snippet:-1","max-image-preview":"max-image-preview:large","max-video-preview":"max-video-preview:-1"},"canonical":"https:\/\/www.meditempus.com\/ca\/candidats\/","og_locale":"ca_ES","og_type":"article","og_title":"Candidats | Meditempus","og_description":"Dona't d'alta i accedeix a les nostres ofertes d'ocupaci\u00f3 di\u00e0ries adaptades al teu perfil. Troba la teva pr\u00f2xima feina amb Meditempus.","og_url":"https:\/\/www.meditempus.com\/ca\/candidats\/","og_site_name":"Meditempus","article_modified_time":"2026-01-13T11:03:42+00:00","twitter_card":"summary_large_image","schema":{"@context":"https:\/\/schema.org","@graph":[{"@type":"WebPage","@id":"https:\/\/www.meditempus.com\/ca\/candidats\/","url":"https:\/\/www.meditempus.com\/ca\/candidats\/","name":"Candidats | Meditempus","isPartOf":{"@id":"https:\/\/www.meditempus.com\/ca\/#website"},"datePublished":"2025-05-19T05:29:56+00:00","dateModified":"2026-01-13T11:03:42+00:00","description":"Dona't d'alta i accedeix a les nostres ofertes d'ocupaci\u00f3 di\u00e0ries adaptades al teu perfil. Troba la teva pr\u00f2xima feina amb Meditempus.","breadcrumb":{"@id":"https:\/\/www.meditempus.com\/ca\/candidats\/#breadcrumb"},"inLanguage":"ca","potentialAction":[{"@type":"ReadAction","target":["https:\/\/www.meditempus.com\/ca\/candidats\/"]}]},{"@type":"BreadcrumbList","@id":"https:\/\/www.meditempus.com\/ca\/candidats\/#breadcrumb","itemListElement":[{"@type":"ListItem","position":1,"name":"Home","item":"https:\/\/www.meditempus.com\/ca\/"},{"@type":"ListItem","position":2,"name":"Candidats"}]},{"@type":"WebSite","@id":"https:\/\/www.meditempus.com\/ca\/#website","url":"https:\/\/www.meditempus.com\/ca\/","name":"Meditempus","description":"En Meditempus unimos personas, talento y futuro","potentialAction":[{"@type":"SearchAction","target":{"@type":"EntryPoint","urlTemplate":"https:\/\/www.meditempus.com\/ca\/?s={search_term_string}"},"query-input":{"@type":"PropertyValueSpecification","valueRequired":true,"valueName":"search_term_string"}}],"inLanguage":"ca"}]}},"_links":{"self":[{"href":"https:\/\/www.meditempus.com\/ca\/wp-json\/wp\/v2\/pages\/14305","targetHints":{"allow":["GET"]}}],"collection":[{"href":"https:\/\/www.meditempus.com\/ca\/wp-json\/wp\/v2\/pages"}],"about":[{"href":"https:\/\/www.meditempus.com\/ca\/wp-json\/wp\/v2\/types\/page"}],"author":[{"embeddable":true,"href":"https:\/\/www.meditempus.com\/ca\/wp-json\/wp\/v2\/users\/2"}],"replies":[{"embeddable":true,"href":"https:\/\/www.meditempus.com\/ca\/wp-json\/wp\/v2\/comments?post=14305"}],"version-history":[{"count":2,"href":"https:\/\/www.meditempus.com\/ca\/wp-json\/wp\/v2\/pages\/14305\/revisions"}],"predecessor-version":[{"id":14459,"href":"https:\/\/www.meditempus.com\/ca\/wp-json\/wp\/v2\/pages\/14305\/revisions\/14459"}],"wp:attachment":[{"href":"https:\/\/www.meditempus.com\/ca\/wp-json\/wp\/v2\/media?parent=14305"}],"curies":[{"name":"wp","href":"https:\/\/api.w.org\/{rel}","templated":true}]}}