{"id":14397,"date":"2025-04-07T14:11:27","date_gmt":"2025-04-07T12:11:27","guid":{"rendered":"https:\/\/www.meditempus.com\/politica-privacidad\/"},"modified":"2026-03-09T18:05:57","modified_gmt":"2026-03-09T16:05:57","slug":"politica-privacitat","status":"publish","type":"page","link":"https:\/\/www.meditempus.com\/ca\/politica-privacitat\/","title":{"rendered":"Pol\u00edtica de privacitat"},"content":{"rendered":"<h2 data-start=\"72\" data-end=\"143\"><strong data-start=\"76\" data-end=\"143\">Identitat del responsable del tractament de les dades personals<\/strong><\/h2>\n<p data-start=\"145\" data-end=\"339\">El responsable del tractament de les dades personals \u00e9s: <strong data-start=\"202\" data-end=\"223\">MEDITEMPUS ETT SA<\/strong>, amb NIF\/CIF: A60971108 (d\u2019ara endavant, Responsable del tractament). Les seves dades de contacte s\u00f3n les seg\u00fcents:<\/p>\n<p data-start=\"341\" data-end=\"517\">Adre\u00e7a: Carrer Val\u00e8ncia, 245, 5\u00e8, 3a de Barcelona<br data-start=\"390\" data-end=\"393\" \/>Correu electr\u00f2nic de contacte: <a class=\"decorated-link cursor-pointer\" href=\"mailto:info@meditempus.com\" rel=\"noopener\" data-start=\"424\" data-end=\"443\">info@meditempus.com<\/a><br data-start=\"443\" data-end=\"446\" \/>Delegat de Protecci\u00f3 de Dades (DPD): \u00a0<b><a href=\"mailto:dpd@meditempus.com\" target=\"_blank\" rel=\"noopener\">dpd@meditempus.com<\/a><\/b><\/p>\n<h2 data-start=\"524\" data-end=\"595\"><strong data-start=\"528\" data-end=\"595\">Finalitats del tractament a qu\u00e8 es destinen les dades personals<\/strong><\/h2>\n<p data-start=\"597\" data-end=\"908\">Les dades personals s\u00f3n recollides i gestionades per MEDITEMPUS ETT SA amb la finalitat de facilitar, agilitzar i complir els compromisos establerts entre el lloc web i l\u2019usuari, o el manteniment de la relaci\u00f3 que es formalitzi en els formularis que aquest \u00faltim ompli, o per atendre una sol\u00b7licitud o consulta.<\/p>\n<p data-start=\"910\" data-end=\"1050\">Igualment, les dades podran ser utilitzades per enviar newsletters, aix\u00ed com comunicacions informatives i\/o publicitat de MEDITEMPUS ETT SA.<\/p>\n<h2 data-start=\"1057\" data-end=\"1094\"><strong data-start=\"1061\" data-end=\"1094\">Categories de dades personals<\/strong><\/h2>\n<p data-start=\"1096\" data-end=\"1264\">Les categories de dades que es tracten a MEDITEMPUS ETT SA per gestionar els tractaments anteriorment esmentats s\u00f3n: dades identificatives, acad\u00e8miques i professionals.<\/p>\n<p data-start=\"1266\" data-end=\"1466\">Informem que les dades requerides s\u00f3n indispensables per poder dur a terme els serveis sol\u00b7licitats, i que la seva negativa a facilitar-les implicar\u00e0 la impossibilitat de desenvolupar aquests serveis.<\/p>\n<p data-start=\"1468\" data-end=\"1970\">La informaci\u00f3 que l\u2019usuari faciliti a MEDITEMPUS ETT SA a trav\u00e9s dels formularis haur\u00e0 de ser exacta i vera\u00e7. L\u2019usuari garanteix l\u2019autenticitat de totes les dades que comuniqui i mantindr\u00e0 actualitzada la informaci\u00f3 lliurada a MEDITEMPUS ETT SA perqu\u00e8 correspongui, en tot moment, amb la situaci\u00f3 real de l\u2019usuari. En el cas de manifestacions inexactes, incompletes o falses comunicades per l\u2019usuari, aquest ser\u00e0 l\u2019\u00fanic responsable dels perjudicis que aix\u00f2 pugui causar a MEDITEMPUS ETT SA o a tercers.<\/p>\n<h2 data-start=\"1977\" data-end=\"2036\"><strong data-start=\"1981\" data-end=\"2036\">Base legal per al tractament de les dades personals<\/strong><\/h2>\n<p data-start=\"2038\" data-end=\"2202\">La base legal per al tractament de les dades personals \u00e9s el consentiment expr\u00e9s i expl\u00edcit atorgat per l\u2019usuari en cada cas, podent-lo retirar en qualsevol moment.<\/p>\n<p data-start=\"2204\" data-end=\"2428\">Pel que fa a la gesti\u00f3 de la contractaci\u00f3 de serveis, pagament i facturaci\u00f3, la base de legitimaci\u00f3 del tractament de les seves dades personals s\u2019estableix en la necessitat d\u2019aquest tractament per a l\u2019execuci\u00f3 del contracte.<\/p>\n<p data-start=\"2430\" data-end=\"2619\">Quant al tractament de dades personals per a l\u2019enviament d\u2019informaci\u00f3 relacionada amb els serveis prestats per nosaltres, la base de legitimaci\u00f3 ser\u00e0 l\u2019inter\u00e8s leg\u00edtim de MEDITEMPUS ETT SA.<\/p>\n<h2 data-start=\"2626\" data-end=\"2677\"><strong data-start=\"2630\" data-end=\"2677\">Per\u00edodes de retenci\u00f3 de les dades personals<\/strong><\/h2>\n<p data-start=\"2679\" data-end=\"2892\">Les dades personals nom\u00e9s es conservaran durant el temps m\u00ednim necessari per a les finalitats del seu tractament i, en tot cas, \u00fanicament durant un termini de 3 anys o fins que l\u2019usuari en sol\u00b7liciti la supressi\u00f3.<\/p>\n<h2 data-start=\"2899\" data-end=\"2942\"><strong data-start=\"2903\" data-end=\"2942\">Destinataris de les dades personals<\/strong><\/h2>\n<p data-start=\"2944\" data-end=\"3118\">Les dades personals de l\u2019usuari podran ser compartides amb determinats clients de MEDITEMPUS ETT SA que puguin estar interessats en la contractaci\u00f3 de la persona interessada.<\/p>\n<p data-start=\"3120\" data-end=\"3208\">No es transferiran dades personals a un tercer pa\u00eds ni a una organitzaci\u00f3 internacional.<\/p>\n<h2 data-start=\"3215\" data-end=\"3255\">Dades personals de menors d\u2019edat<\/h2>\n<p data-start=\"3257\" data-end=\"3748\">D\u2019acord amb el que estableixen els articles 8 del RGPD i 7 de la Llei Org\u00e0nica 3\/2018, de 5 de desembre, de Protecci\u00f3 de Dades Personals i garantia dels drets digitals, nom\u00e9s els majors de 14 anys poden atorgar el seu consentiment per al tractament de les seves dades personals de manera l\u00edcita per part de MEDITEMPUS ETT SA. Si es tracta d\u2019un menor de 14 anys, ser\u00e0 necessari el consentiment dels pares o tutors, i el tractament nom\u00e9s ser\u00e0 l\u00edcit en la mesura que aquests l\u2019hagin autoritzat.<\/p>\n<h2 data-start=\"3755\" data-end=\"3804\"><strong data-start=\"3759\" data-end=\"3804\">Secret i seguretat de les dades personals<\/strong><\/h2>\n<p data-start=\"3806\" data-end=\"4152\">MEDITEMPUS ETT SA es compromet a adoptar les mesures t\u00e8cniques i organitzatives necess\u00e0ries, segons el nivell de seguretat adequat al risc de les dades recollides, per garantir la seguretat de les dades personals i evitar-ne la destrucci\u00f3, p\u00e8rdua o alteraci\u00f3 accidental o il\u00b7l\u00edcita, aix\u00ed com la comunicaci\u00f3 o acc\u00e9s no autoritzat a aquestes dades.<\/p>\n<p data-start=\"4154\" data-end=\"4465\">Les dades personals seran tractades com a confidencials pel Responsable del tractament, que es compromet a informar i garantir, mitjan\u00e7ant una obligaci\u00f3 legal o contractual, que aquesta confidencialitat sigui respectada pels seus empleats, col\u00b7laboradors i qualsevol persona a qui faci accessible la informaci\u00f3.<\/p>\n<h3 data-start=\"4472\" data-end=\"4532\"><strong data-start=\"4476\" data-end=\"4532\">Drets derivats del tractament de les dades personals<\/strong><\/h3>\n<p data-start=\"4534\" data-end=\"4652\">L\u2019usuari podr\u00e0 exercir davant del Responsable del tractament els drets reconeguts al RGPD i a la Llei Org\u00e0nica 3\/2018:<\/p>\n<ul>\n<li data-start=\"4656\" data-end=\"4672\"><strong data-start=\"4656\" data-end=\"4672\">Dret d\u2019acc\u00e9s<\/strong><\/li>\n<li data-start=\"4656\" data-end=\"4672\"><strong data-start=\"4675\" data-end=\"4699\">Dret de rectificaci\u00f3<\/strong><\/li>\n<li data-start=\"4656\" data-end=\"4672\"><strong data-start=\"4702\" data-end=\"4723\">Dret de supressi\u00f3<\/strong><\/li>\n<li data-start=\"4656\" data-end=\"4672\"><strong data-start=\"4726\" data-end=\"4764\">Dret a la limitaci\u00f3 del tractament<\/strong><\/li>\n<li data-start=\"4656\" data-end=\"4672\"><strong data-start=\"4767\" data-end=\"4806\">Dret a la portabilitat de les dades<\/strong><\/li>\n<li data-start=\"4656\" data-end=\"4672\"><strong data-start=\"4809\" data-end=\"4828\">Dret d\u2019oposici\u00f3<\/strong><\/li>\n<li data-start=\"4656\" data-end=\"4672\"><strong data-start=\"4831\" data-end=\"4950\">Dret a no ser objecte d\u2019una decisi\u00f3 basada \u00fanicament en el tractament automatitzat, inclosa l\u2019elaboraci\u00f3 de perfils<\/strong><\/li>\n<\/ul>\n<p data-start=\"4952\" data-end=\"5109\">L\u2019usuari podr\u00e0 exercir els seus drets mitjan\u00e7ant comunicaci\u00f3 escrita adre\u00e7ada al Responsable del tractament, enviada a l\u2019adre\u00e7a o correu electr\u00f2nic seg\u00fcents:<\/p>\n<p data-start=\"5111\" data-end=\"5208\">Adre\u00e7a postal: Carrer Val\u00e8ncia, 245, 5\u00e8, 3a de Barcelona<br data-start=\"5167\" data-end=\"5170\" \/>Correu electr\u00f2nic: <a class=\"decorated-link cursor-pointer\" rel=\"noopener\" data-start=\"5189\" data-end=\"5208\">info@meditempus.com<\/a><\/p>\n<h2 data-start=\"5215\" data-end=\"5254\"><strong data-start=\"5219\" data-end=\"5254\">Enlla\u00e7os a llocs web de tercers<\/strong><\/h2>\n<p data-start=\"5256\" data-end=\"5436\">El lloc web pot incloure hipervincles o enlla\u00e7os que permetin accedir a p\u00e0gines web de tercers diferents de MEDITEMPUS ETT SA i que, per tant, no s\u00f3n operats per MEDITEMPUS ETT SA.<\/p>\n<p data-start=\"5438\" data-end=\"5627\">Els titulars d\u2019aquests llocs web disposaran de les seves pr\u00f2pies pol\u00edtiques de protecci\u00f3 de dades, sent ells mateixos responsables dels seus fitxers i de les seves pr\u00e0ctiques de privacitat.<\/p>\n<h2 data-start=\"5634\" data-end=\"5684\"><strong data-start=\"5638\" data-end=\"5684\">Reclamacions davant l\u2019autoritat de control<\/strong><\/h2>\n<p data-start=\"5686\" data-end=\"6167\">En cas que l\u2019usuari consideri que existeix un problema o infracci\u00f3 de la normativa vigent en la manera en qu\u00e8 s\u2019estan tractant les seves dades personals, tindr\u00e0 dret a la tutela judicial efectiva i a presentar una reclamaci\u00f3 davant una autoritat de control, en particular en l\u2019Estat on tingui la seva resid\u00e8ncia habitual, lloc de treball o lloc de la suposada infracci\u00f3. En el cas d\u2019Espanya, l\u2019autoritat de control \u00e9s l\u2019Ag\u00e8ncia Espanyola de Protecci\u00f3 de Dades (<a class=\"decorated-link\" href=\"http:\/\/www.agpd.es\" target=\"_new\" rel=\"noopener\" data-start=\"6147\" data-end=\"6165\">http:\/\/www.agpd.es<\/a>).<\/p>\n<h2 data-start=\"6174\" data-end=\"6235\">Acceptaci\u00f3 i canvis en aquesta pol\u00edtica de privacitat<\/h2>\n<p data-start=\"6237\" data-end=\"6644\">\u00c9s necessari que l\u2019usuari hagi llegit i estigui conforme amb les condicions sobre protecci\u00f3 de dades personals contingudes en aquesta Pol\u00edtica de Privacitat, aix\u00ed com que accepti el tractament de les seves dades perqu\u00e8 el Responsable del tractament pugui dur-lo a terme de la forma, durant els terminis i per a les finalitats indicades. L\u2019\u00fas del lloc web implicar\u00e0 l\u2019acceptaci\u00f3 de la Pol\u00edtica de Privacitat.<\/p>\n<p data-start=\"6646\" data-end=\"6868\">MEDITEMPUS ETT SA es reserva el dret a modificar aquesta Pol\u00edtica de Privacitat, d\u2019acord amb el seu propi criteri o motivat per un canvi legislatiu, jurisprudencial o doctrinal de l\u2019Ag\u00e8ncia Espanyola de Protecci\u00f3 de Dades.<\/p>\n","protected":false},"excerpt":{"rendered":"<p>Identitat del responsable del tractament de les dades personals El responsable del tractament de les dades personals \u00e9s: MEDITEMPUS ETT SA, amb NIF\/CIF: A60971108 (d\u2019ara endavant, Responsable del tractament). Les seves dades de contacte s\u00f3n les seg\u00fcents: Adre\u00e7a: Carrer Val\u00e8ncia, 245, 5\u00e8, 3a de BarcelonaCorreu electr\u00f2nic de contacte: info@meditempus.comDelegat de Protecci\u00f3 de Dades (DPD): \u00a0dpd@meditempus.com [&hellip;]<\/p>\n","protected":false},"author":3,"featured_media":0,"parent":0,"menu_order":1000,"comment_status":"closed","ping_status":"closed","template":"","meta":{"footnotes":""},"class_list":["post-14397","page","type-page","status-publish","hentry"],"yoast_head":"<!-- This site is optimized with the Yoast SEO plugin v27.3 - https:\/\/yoast.com\/product\/yoast-seo-wordpress\/ -->\n<title>Pol\u00edtica de privacitat - Meditempus<\/title>\n<meta name=\"description\" content=\"Consulta la nostra Pol\u00edtica de Privacitat i descobreix com protegim i tractem les teves dades personals a Meditempus.\" \/>\n<meta name=\"robots\" content=\"index, follow, max-snippet:-1, max-image-preview:large, max-video-preview:-1\" \/>\n<link rel=\"canonical\" href=\"https:\/\/www.meditempus.com\/ca\/politica-privacitat\/\" \/>\n<meta property=\"og:locale\" content=\"ca_ES\" \/>\n<meta property=\"og:type\" content=\"article\" \/>\n<meta property=\"og:title\" content=\"Pol\u00edtica de privacitat - Meditempus\" \/>\n<meta property=\"og:description\" content=\"Consulta la nostra Pol\u00edtica de Privacitat i descobreix com protegim i tractem les teves dades personals a Meditempus.\" \/>\n<meta property=\"og:url\" content=\"https:\/\/www.meditempus.com\/ca\/politica-privacitat\/\" \/>\n<meta property=\"og:site_name\" content=\"Meditempus\" \/>\n<meta property=\"article:modified_time\" content=\"2026-03-09T16:05:57+00:00\" \/>\n<meta name=\"twitter:card\" content=\"summary_large_image\" \/>\n<meta name=\"twitter:label1\" content=\"Temps estimat de lectura\" \/>\n\t<meta name=\"twitter:data1\" content=\"5 minuts\" \/>\n<script type=\"application\/ld+json\" class=\"yoast-schema-graph\">{\"@context\":\"https:\\\/\\\/schema.org\",\"@graph\":[{\"@type\":\"WebPage\",\"@id\":\"https:\\\/\\\/www.meditempus.com\\\/ca\\\/politica-privacitat\\\/\",\"url\":\"https:\\\/\\\/www.meditempus.com\\\/ca\\\/politica-privacitat\\\/\",\"name\":\"Pol\u00edtica de privacitat - Meditempus\",\"isPartOf\":{\"@id\":\"https:\\\/\\\/www.meditempus.com\\\/ca\\\/#website\"},\"datePublished\":\"2025-04-07T12:11:27+00:00\",\"dateModified\":\"2026-03-09T16:05:57+00:00\",\"description\":\"Consulta la nostra Pol\u00edtica de Privacitat i descobreix com protegim i tractem les teves dades personals a Meditempus.\",\"breadcrumb\":{\"@id\":\"https:\\\/\\\/www.meditempus.com\\\/ca\\\/politica-privacitat\\\/#breadcrumb\"},\"inLanguage\":\"ca\",\"potentialAction\":[{\"@type\":\"ReadAction\",\"target\":[\"https:\\\/\\\/www.meditempus.com\\\/ca\\\/politica-privacitat\\\/\"]}]},{\"@type\":\"BreadcrumbList\",\"@id\":\"https:\\\/\\\/www.meditempus.com\\\/ca\\\/politica-privacitat\\\/#breadcrumb\",\"itemListElement\":[{\"@type\":\"ListItem\",\"position\":1,\"name\":\"Home\",\"item\":\"https:\\\/\\\/www.meditempus.com\\\/ca\\\/\"},{\"@type\":\"ListItem\",\"position\":2,\"name\":\"Pol\u00edtica de privacitat\"}]},{\"@type\":\"WebSite\",\"@id\":\"https:\\\/\\\/www.meditempus.com\\\/ca\\\/#website\",\"url\":\"https:\\\/\\\/www.meditempus.com\\\/ca\\\/\",\"name\":\"Meditempus\",\"description\":\"En Meditempus unimos personas, talento y futuro\",\"potentialAction\":[{\"@type\":\"SearchAction\",\"target\":{\"@type\":\"EntryPoint\",\"urlTemplate\":\"https:\\\/\\\/www.meditempus.com\\\/ca\\\/?s={search_term_string}\"},\"query-input\":{\"@type\":\"PropertyValueSpecification\",\"valueRequired\":true,\"valueName\":\"search_term_string\"}}],\"inLanguage\":\"ca\"}]}<\/script>\n<!-- \/ Yoast SEO plugin. -->","yoast_head_json":{"title":"Pol\u00edtica de privacitat - Meditempus","description":"Consulta la nostra Pol\u00edtica de Privacitat i descobreix com protegim i tractem les teves dades personals a Meditempus.","robots":{"index":"index","follow":"follow","max-snippet":"max-snippet:-1","max-image-preview":"max-image-preview:large","max-video-preview":"max-video-preview:-1"},"canonical":"https:\/\/www.meditempus.com\/ca\/politica-privacitat\/","og_locale":"ca_ES","og_type":"article","og_title":"Pol\u00edtica de privacitat - Meditempus","og_description":"Consulta la nostra Pol\u00edtica de Privacitat i descobreix com protegim i tractem les teves dades personals a Meditempus.","og_url":"https:\/\/www.meditempus.com\/ca\/politica-privacitat\/","og_site_name":"Meditempus","article_modified_time":"2026-03-09T16:05:57+00:00","twitter_card":"summary_large_image","twitter_misc":{"Temps estimat de lectura":"5 minuts"},"schema":{"@context":"https:\/\/schema.org","@graph":[{"@type":"WebPage","@id":"https:\/\/www.meditempus.com\/ca\/politica-privacitat\/","url":"https:\/\/www.meditempus.com\/ca\/politica-privacitat\/","name":"Pol\u00edtica de privacitat - Meditempus","isPartOf":{"@id":"https:\/\/www.meditempus.com\/ca\/#website"},"datePublished":"2025-04-07T12:11:27+00:00","dateModified":"2026-03-09T16:05:57+00:00","description":"Consulta la nostra Pol\u00edtica de Privacitat i descobreix com protegim i tractem les teves dades personals a Meditempus.","breadcrumb":{"@id":"https:\/\/www.meditempus.com\/ca\/politica-privacitat\/#breadcrumb"},"inLanguage":"ca","potentialAction":[{"@type":"ReadAction","target":["https:\/\/www.meditempus.com\/ca\/politica-privacitat\/"]}]},{"@type":"BreadcrumbList","@id":"https:\/\/www.meditempus.com\/ca\/politica-privacitat\/#breadcrumb","itemListElement":[{"@type":"ListItem","position":1,"name":"Home","item":"https:\/\/www.meditempus.com\/ca\/"},{"@type":"ListItem","position":2,"name":"Pol\u00edtica de privacitat"}]},{"@type":"WebSite","@id":"https:\/\/www.meditempus.com\/ca\/#website","url":"https:\/\/www.meditempus.com\/ca\/","name":"Meditempus","description":"En Meditempus unimos personas, talento y futuro","potentialAction":[{"@type":"SearchAction","target":{"@type":"EntryPoint","urlTemplate":"https:\/\/www.meditempus.com\/ca\/?s={search_term_string}"},"query-input":{"@type":"PropertyValueSpecification","valueRequired":true,"valueName":"search_term_string"}}],"inLanguage":"ca"}]}},"_links":{"self":[{"href":"https:\/\/www.meditempus.com\/ca\/wp-json\/wp\/v2\/pages\/14397","targetHints":{"allow":["GET"]}}],"collection":[{"href":"https:\/\/www.meditempus.com\/ca\/wp-json\/wp\/v2\/pages"}],"about":[{"href":"https:\/\/www.meditempus.com\/ca\/wp-json\/wp\/v2\/types\/page"}],"author":[{"embeddable":true,"href":"https:\/\/www.meditempus.com\/ca\/wp-json\/wp\/v2\/users\/3"}],"replies":[{"embeddable":true,"href":"https:\/\/www.meditempus.com\/ca\/wp-json\/wp\/v2\/comments?post=14397"}],"version-history":[{"count":4,"href":"https:\/\/www.meditempus.com\/ca\/wp-json\/wp\/v2\/pages\/14397\/revisions"}],"predecessor-version":[{"id":46704,"href":"https:\/\/www.meditempus.com\/ca\/wp-json\/wp\/v2\/pages\/14397\/revisions\/46704"}],"wp:attachment":[{"href":"https:\/\/www.meditempus.com\/ca\/wp-json\/wp\/v2\/media?parent=14397"}],"curies":[{"name":"wp","href":"https:\/\/api.w.org\/{rel}","templated":true}]}}