{"id":14402,"date":"2025-04-07T14:11:27","date_gmt":"2025-04-07T12:11:27","guid":{"rendered":"https:\/\/www.meditempus.com\/politica-cookies\/"},"modified":"2025-12-01T13:01:23","modified_gmt":"2025-12-01T11:01:23","slug":"politica-cookies","status":"publish","type":"page","link":"https:\/\/www.meditempus.com\/ca\/politica-cookies\/","title":{"rendered":"Pol\u00edtica de Cookies"},"content":{"rendered":"<h3 data-start=\"63\" data-end=\"103\"><strong data-start=\"67\" data-end=\"103\">\u00daltima actualitzaci\u00f3: 29\/09\/2025<\/strong><\/h3>\n<p data-start=\"105\" data-end=\"319\">A MEDITEMPUS utilitzem cookies pr\u00f2pies i de tercers per millorar l\u2019experi\u00e8ncia de l\u2019usuari, analitzar el tr\u00e0nsit del lloc web i oferir continguts personalitzats, incloent-hi publicitat adaptada als seus interessos.<\/p>\n<h2 data-start=\"326\" data-end=\"354\"><strong data-start=\"330\" data-end=\"354\">Qu\u00e8 s\u00f3n les cookies?<\/strong><\/h2>\n<p data-start=\"356\" data-end=\"558\">Les cookies s\u00f3n petits fitxers de text que s\u2019emmagatzemen al navegador de l\u2019usuari quan visita el nostre lloc web. Permeten recon\u00e8ixer l\u2019usuari, recordar les seves prefer\u00e8ncies i facilitar la navegaci\u00f3.<\/p>\n<h2 data-start=\"565\" data-end=\"603\"><strong data-start=\"569\" data-end=\"603\">Tipus de cookies que utilitzem<\/strong><\/h2>\n<ul data-start=\"605\" data-end=\"1089\">\n<li data-start=\"605\" data-end=\"719\">\n<p data-start=\"607\" data-end=\"719\"><strong data-start=\"607\" data-end=\"643\">Cookies t\u00e8cniques o necess\u00e0ries:<\/strong> essencials per al funcionament del lloc web. No requereixen consentiment.<\/p>\n<\/li>\n<li data-start=\"720\" data-end=\"824\">\n<p data-start=\"722\" data-end=\"824\"><strong data-start=\"722\" data-end=\"750\">Cookies de prefer\u00e8ncies:<\/strong> permeten recordar configuracions personalitzades (idioma, regi\u00f3, etc.).<\/p>\n<\/li>\n<li data-start=\"825\" data-end=\"965\">\n<p data-start=\"827\" data-end=\"965\"><strong data-start=\"827\" data-end=\"853\">Cookies estad\u00edstiques:<\/strong> ens ajuden a entendre com interactuen els usuaris amb el lloc web (per exemple, mitjan\u00e7ant Google Analytics).<\/p>\n<\/li>\n<li data-start=\"966\" data-end=\"1089\">\n<p data-start=\"968\" data-end=\"1089\"><strong data-start=\"968\" data-end=\"1008\">Cookies de m\u00e0rqueting\/publicit\u00e0ries:<\/strong> utilitzades per mostrar anuncis rellevants i realitzar campanyes de remarketing.<\/p>\n<\/li>\n<\/ul>\n<h2 data-start=\"1096\" data-end=\"1120\"><strong data-start=\"1100\" data-end=\"1120\">Eines de tercers<\/strong><\/h2>\n<p data-start=\"1122\" data-end=\"1197\">Utilitzem serveis externs que poden instal\u00b7lar cookies al seu dispositiu:<\/p>\n<ul data-start=\"1198\" data-end=\"1349\">\n<li data-start=\"1198\" data-end=\"1264\">\n<p data-start=\"1200\" data-end=\"1264\"><strong data-start=\"1200\" data-end=\"1221\">Google Analytics:<\/strong> per a l\u2019an\u00e0lisi estad\u00edstica del tr\u00e0nsit.<\/p>\n<\/li>\n<li data-start=\"1265\" data-end=\"1349\">\n<p data-start=\"1267\" data-end=\"1349\"><strong data-start=\"1267\" data-end=\"1284\">API InfoJobs:<\/strong> per a la integraci\u00f3 de funcionalitats relacionades amb ocupaci\u00f3.<\/p>\n<\/li>\n<\/ul>\n<h3 data-start=\"1356\" data-end=\"1376\"><strong data-start=\"1360\" data-end=\"1376\">Consentiment<\/strong><\/h3>\n<p data-start=\"1378\" data-end=\"1625\">En accedir al nostre lloc web, se li presenta un banner de consentiment que li permet acceptar, rebutjar o configurar l\u2019\u00fas de cookies no essencials. Aquest consentiment es pot retirar en qualsevol moment escrivint-nos a <strong data-start=\"1598\" data-end=\"1624\"><a class=\"decorated-link cursor-pointer\" href=\"mailto:contact@meditempus.com\" rel=\"noopener\" data-start=\"1600\" data-end=\"1622\">contact@meditempus.com<\/a><\/strong>.<\/p>\n<h2 data-start=\"1632\" data-end=\"1684\"><strong data-start=\"1636\" data-end=\"1684\">Durant quant temps es conserven les cookies?<\/strong><\/h2>\n<p data-start=\"1686\" data-end=\"2050\">Segons el Reglament General de Protecci\u00f3 de Dades (RGPD) i la Llei de Serveis de la Societat de la Informaci\u00f3 (LSSI), les dades recollides mitjan\u00e7ant cookies s\u2019han de conservar nom\u00e9s durant el temps necessari per complir la seva finalitat. A MEDITEMPUS, les cookies es conserven durant un per\u00edode que varia entre <strong data-start=\"1999\" data-end=\"2019\">1 dia i 24 mesos<\/strong>, segons el seu tipus i funci\u00f3.<\/p>\n<h2 data-start=\"2057\" data-end=\"2106\"><strong data-start=\"2061\" data-end=\"2106\">Com pot gestionar o eliminar les cookies?<\/strong><\/h2>\n<p data-start=\"2108\" data-end=\"2281\">Pot configurar el seu navegador per bloquejar o eliminar les cookies. Tamb\u00e9 pot modificar el seu consentiment en qualsevol moment escrivint-nos a <strong data-start=\"2254\" data-end=\"2280\"><a class=\"decorated-link cursor-pointer\" href=\"mailto:contact@meditempus.com\" rel=\"noopener\" data-start=\"2256\" data-end=\"2278\">contact@meditempus.com<\/a><\/strong>.<\/p>\n<h2 data-start=\"2288\" data-end=\"2313\"><strong data-start=\"2292\" data-end=\"2313\">Exercici de drets<\/strong><\/h2>\n<p data-start=\"2315\" data-end=\"2479\">Pot exercir els seus drets d\u2019acc\u00e9s, rectificaci\u00f3, supressi\u00f3, limitaci\u00f3, oposici\u00f3 i portabilitat de les seves dades personals escrivint a <strong data-start=\"2452\" data-end=\"2478\"><a class=\"decorated-link cursor-pointer\" href=\"mailto:contact@meditempus.com\" rel=\"noopener\" data-start=\"2454\" data-end=\"2476\">contact@meditempus.com<\/a><\/strong>.<\/p>\n<h2 data-start=\"2486\" data-end=\"2508\"><strong data-start=\"2490\" data-end=\"2508\">M\u00e9s informaci\u00f3<\/strong><\/h2>\n<p data-start=\"2510\" data-end=\"2625\">Per obtenir m\u00e9s detalls sobre com tractem les seves dades personals, consulti la nostra <a href=\"https:\/\/www.meditempus.com\/ca\/politica-privacitat\/\"><strong data-start=\"2598\" data-end=\"2624\">Pol\u00edtica de Privacitat<\/strong><\/a>.<\/p>\n","protected":false},"excerpt":{"rendered":"<p>\u00daltima actualitzaci\u00f3: 29\/09\/2025 A MEDITEMPUS utilitzem cookies pr\u00f2pies i de tercers per millorar l\u2019experi\u00e8ncia de l\u2019usuari, analitzar el tr\u00e0nsit del lloc web i oferir continguts personalitzats, incloent-hi publicitat adaptada als seus interessos. Qu\u00e8 s\u00f3n les cookies? Les cookies s\u00f3n petits fitxers de text que s\u2019emmagatzemen al navegador de l\u2019usuari quan visita el nostre lloc web. [&hellip;]<\/p>\n","protected":false},"author":3,"featured_media":0,"parent":0,"menu_order":1000,"comment_status":"closed","ping_status":"closed","template":"","meta":{"footnotes":""},"class_list":["post-14402","page","type-page","status-publish","hentry"],"yoast_head":"<!-- This site is optimized with the Yoast SEO plugin v27.4 - https:\/\/yoast.com\/product\/yoast-seo-wordpress\/ -->\n<title>Pol\u00edtica de Cookies - Meditempus<\/title>\n<meta name=\"description\" content=\"Meditempus utilitza cookies per millorar la teva experi\u00e8ncia en l\u00ednia. Descobreix com cuidem la teva navegaci\u00f3 i facilitem l\u2019acc\u00e9s als nostres serveis de treball temporal.\" \/>\n<meta name=\"robots\" content=\"index, follow, max-snippet:-1, max-image-preview:large, max-video-preview:-1\" \/>\n<link rel=\"canonical\" href=\"https:\/\/www.meditempus.com\/ca\/politica-cookies\/\" \/>\n<meta property=\"og:locale\" content=\"ca_ES\" \/>\n<meta property=\"og:type\" content=\"article\" \/>\n<meta property=\"og:title\" content=\"Pol\u00edtica de Cookies - Meditempus\" \/>\n<meta property=\"og:description\" content=\"Meditempus utilitza cookies per millorar la teva experi\u00e8ncia en l\u00ednia. Descobreix com cuidem la teva navegaci\u00f3 i facilitem l\u2019acc\u00e9s als nostres serveis de treball temporal.\" \/>\n<meta property=\"og:url\" content=\"https:\/\/www.meditempus.com\/ca\/politica-cookies\/\" \/>\n<meta property=\"og:site_name\" content=\"Meditempus\" \/>\n<meta property=\"article:modified_time\" content=\"2025-12-01T11:01:23+00:00\" \/>\n<meta name=\"twitter:card\" content=\"summary_large_image\" \/>\n<meta name=\"twitter:label1\" content=\"Temps estimat de lectura\" \/>\n\t<meta name=\"twitter:data1\" content=\"2 minuts\" \/>\n<script type=\"application\/ld+json\" class=\"yoast-schema-graph\">{\"@context\":\"https:\\\/\\\/schema.org\",\"@graph\":[{\"@type\":\"WebPage\",\"@id\":\"https:\\\/\\\/www.meditempus.com\\\/ca\\\/politica-cookies\\\/\",\"url\":\"https:\\\/\\\/www.meditempus.com\\\/ca\\\/politica-cookies\\\/\",\"name\":\"Pol\u00edtica de Cookies - Meditempus\",\"isPartOf\":{\"@id\":\"https:\\\/\\\/www.meditempus.com\\\/ca\\\/#website\"},\"datePublished\":\"2025-04-07T12:11:27+00:00\",\"dateModified\":\"2025-12-01T11:01:23+00:00\",\"description\":\"Meditempus utilitza cookies per millorar la teva experi\u00e8ncia en l\u00ednia. Descobreix com cuidem la teva navegaci\u00f3 i facilitem l\u2019acc\u00e9s als nostres serveis de treball temporal.\",\"breadcrumb\":{\"@id\":\"https:\\\/\\\/www.meditempus.com\\\/ca\\\/politica-cookies\\\/#breadcrumb\"},\"inLanguage\":\"ca\",\"potentialAction\":[{\"@type\":\"ReadAction\",\"target\":[\"https:\\\/\\\/www.meditempus.com\\\/ca\\\/politica-cookies\\\/\"]}]},{\"@type\":\"BreadcrumbList\",\"@id\":\"https:\\\/\\\/www.meditempus.com\\\/ca\\\/politica-cookies\\\/#breadcrumb\",\"itemListElement\":[{\"@type\":\"ListItem\",\"position\":1,\"name\":\"Home\",\"item\":\"https:\\\/\\\/www.meditempus.com\\\/ca\\\/\"},{\"@type\":\"ListItem\",\"position\":2,\"name\":\"Pol\u00edtica de Cookies\"}]},{\"@type\":\"WebSite\",\"@id\":\"https:\\\/\\\/www.meditempus.com\\\/ca\\\/#website\",\"url\":\"https:\\\/\\\/www.meditempus.com\\\/ca\\\/\",\"name\":\"Meditempus\",\"description\":\"En Meditempus unimos personas, talento y futuro\",\"potentialAction\":[{\"@type\":\"SearchAction\",\"target\":{\"@type\":\"EntryPoint\",\"urlTemplate\":\"https:\\\/\\\/www.meditempus.com\\\/ca\\\/?s={search_term_string}\"},\"query-input\":{\"@type\":\"PropertyValueSpecification\",\"valueRequired\":true,\"valueName\":\"search_term_string\"}}],\"inLanguage\":\"ca\"}]}<\/script>\n<!-- \/ Yoast SEO plugin. -->","yoast_head_json":{"title":"Pol\u00edtica de Cookies - Meditempus","description":"Meditempus utilitza cookies per millorar la teva experi\u00e8ncia en l\u00ednia. Descobreix com cuidem la teva navegaci\u00f3 i facilitem l\u2019acc\u00e9s als nostres serveis de treball temporal.","robots":{"index":"index","follow":"follow","max-snippet":"max-snippet:-1","max-image-preview":"max-image-preview:large","max-video-preview":"max-video-preview:-1"},"canonical":"https:\/\/www.meditempus.com\/ca\/politica-cookies\/","og_locale":"ca_ES","og_type":"article","og_title":"Pol\u00edtica de Cookies - Meditempus","og_description":"Meditempus utilitza cookies per millorar la teva experi\u00e8ncia en l\u00ednia. Descobreix com cuidem la teva navegaci\u00f3 i facilitem l\u2019acc\u00e9s als nostres serveis de treball temporal.","og_url":"https:\/\/www.meditempus.com\/ca\/politica-cookies\/","og_site_name":"Meditempus","article_modified_time":"2025-12-01T11:01:23+00:00","twitter_card":"summary_large_image","twitter_misc":{"Temps estimat de lectura":"2 minuts"},"schema":{"@context":"https:\/\/schema.org","@graph":[{"@type":"WebPage","@id":"https:\/\/www.meditempus.com\/ca\/politica-cookies\/","url":"https:\/\/www.meditempus.com\/ca\/politica-cookies\/","name":"Pol\u00edtica de Cookies - Meditempus","isPartOf":{"@id":"https:\/\/www.meditempus.com\/ca\/#website"},"datePublished":"2025-04-07T12:11:27+00:00","dateModified":"2025-12-01T11:01:23+00:00","description":"Meditempus utilitza cookies per millorar la teva experi\u00e8ncia en l\u00ednia. Descobreix com cuidem la teva navegaci\u00f3 i facilitem l\u2019acc\u00e9s als nostres serveis de treball temporal.","breadcrumb":{"@id":"https:\/\/www.meditempus.com\/ca\/politica-cookies\/#breadcrumb"},"inLanguage":"ca","potentialAction":[{"@type":"ReadAction","target":["https:\/\/www.meditempus.com\/ca\/politica-cookies\/"]}]},{"@type":"BreadcrumbList","@id":"https:\/\/www.meditempus.com\/ca\/politica-cookies\/#breadcrumb","itemListElement":[{"@type":"ListItem","position":1,"name":"Home","item":"https:\/\/www.meditempus.com\/ca\/"},{"@type":"ListItem","position":2,"name":"Pol\u00edtica de Cookies"}]},{"@type":"WebSite","@id":"https:\/\/www.meditempus.com\/ca\/#website","url":"https:\/\/www.meditempus.com\/ca\/","name":"Meditempus","description":"En Meditempus unimos personas, talento y futuro","potentialAction":[{"@type":"SearchAction","target":{"@type":"EntryPoint","urlTemplate":"https:\/\/www.meditempus.com\/ca\/?s={search_term_string}"},"query-input":{"@type":"PropertyValueSpecification","valueRequired":true,"valueName":"search_term_string"}}],"inLanguage":"ca"}]}},"_links":{"self":[{"href":"https:\/\/www.meditempus.com\/ca\/wp-json\/wp\/v2\/pages\/14402","targetHints":{"allow":["GET"]}}],"collection":[{"href":"https:\/\/www.meditempus.com\/ca\/wp-json\/wp\/v2\/pages"}],"about":[{"href":"https:\/\/www.meditempus.com\/ca\/wp-json\/wp\/v2\/types\/page"}],"author":[{"embeddable":true,"href":"https:\/\/www.meditempus.com\/ca\/wp-json\/wp\/v2\/users\/3"}],"replies":[{"embeddable":true,"href":"https:\/\/www.meditempus.com\/ca\/wp-json\/wp\/v2\/comments?post=14402"}],"version-history":[{"count":2,"href":"https:\/\/www.meditempus.com\/ca\/wp-json\/wp\/v2\/pages\/14402\/revisions"}],"predecessor-version":[{"id":14403,"href":"https:\/\/www.meditempus.com\/ca\/wp-json\/wp\/v2\/pages\/14402\/revisions\/14403"}],"wp:attachment":[{"href":"https:\/\/www.meditempus.com\/ca\/wp-json\/wp\/v2\/media?parent=14402"}],"curies":[{"name":"wp","href":"https:\/\/api.w.org\/{rel}","templated":true}]}}