{"id":14405,"date":"2025-04-07T14:11:27","date_gmt":"2025-04-07T12:11:27","guid":{"rendered":"https:\/\/www.meditempus.com\/aviso-legal\/"},"modified":"2025-12-01T13:05:03","modified_gmt":"2025-12-01T11:05:03","slug":"avis-legal","status":"publish","type":"page","link":"https:\/\/www.meditempus.com\/ca\/avis-legal\/","title":{"rendered":"Av\u00eds Legal"},"content":{"rendered":"<h2 data-start=\"96\" data-end=\"123\"><strong data-start=\"99\" data-end=\"123\">Titular del lloc web<\/strong><\/h2>\n<p data-start=\"125\" data-end=\"358\">En compliment del deure d\u2019informaci\u00f3 disposat a la Llei 34\/2002 de Serveis de la Societat de la Informaci\u00f3 i del Comer\u00e7 Electr\u00f2nic (LSSI-CE) d\u201911 de juliol, es faciliten a continuaci\u00f3 les dades d\u2019informaci\u00f3 general d\u2019aquest lloc web:<\/p>\n<p data-start=\"360\" data-end=\"660\">La titularitat d\u2019aquest lloc web, <strong data-start=\"394\" data-end=\"424\"><a class=\"decorated-link\" href=\"https:\/\/www.meditempus.com\/ca\/\" target=\"_new\" rel=\"noopener\" data-start=\"396\" data-end=\"422\">https:\/\/www.meditempus.com<\/a><\/strong> (d\u2019ara endavant, <em data-start=\"442\" data-end=\"452\">Lloc Web<\/em>), l\u2019ostenta <strong data-start=\"465\" data-end=\"489\">MEDITEMPUS ETT, S.A.<\/strong>, amb domicili al c\/ Val\u00e8ncia, 245, 5\u00e8 3a (08007 \u2013 Barcelona), n\u00famero de CIF: A-60971108, inscrita al Registre Mercantil de Barcelona, Fulla B-141701, Tom 35680, Foli 127.<\/p>\n<p data-start=\"662\" data-end=\"684\"><strong data-start=\"662\" data-end=\"684\">Dades de contacte:<\/strong><\/p>\n<p data-start=\"686\" data-end=\"790\">Adre\u00e7a: c\/ Val\u00e8ncia, 245, 5\u00e8 3a (08007 \u2013 Barcelona)<\/p>\n<p data-start=\"686\" data-end=\"790\">Correu electr\u00f2nic de contacte: <a class=\"decorated-link cursor-pointer\" rel=\"noopener\" data-start=\"771\" data-end=\"790\">info@meditempus.com<\/a><\/p>\n<h2 data-start=\"797\" data-end=\"811\"><strong data-start=\"800\" data-end=\"811\">Usuaris<\/strong><\/h2>\n<p data-start=\"813\" data-end=\"1076\">S\u2019informa l\u2019usuari del present lloc web que l\u2019acc\u00e9s al mateix suposa l\u2019acceptaci\u00f3 plena i sense reserves de totes i cadascuna de les condicions incloses en aquest av\u00eds legal, aplicant-se igualment, si escau, la normativa legal corresponent i d\u2019obligat compliment.<\/p>\n<p data-start=\"1078\" data-end=\"1194\">L\u2019usuari assumeix la seva responsabilitat per fer un \u00fas correcte del lloc web. Aquesta responsabilitat s\u2019estendr\u00e0 a:<\/p>\n<ul data-start=\"1196\" data-end=\"2295\">\n<li data-start=\"1196\" data-end=\"1336\">\n<p data-start=\"1198\" data-end=\"1336\">L\u2019usuari es compromet a utilitzar el lloc web de conformitat amb la Llei i aquest Av\u00eds Legal, segons les bones costums i l\u2019ordre p\u00fablic.<\/p>\n<\/li>\n<li data-start=\"1337\" data-end=\"1479\">\n<p data-start=\"1339\" data-end=\"1479\">L\u2019USUARI assumeix la responsabilitat de l\u2019\u00fas del portal, incloent-hi el registre necessari per accedir a determinats serveis o continguts.<\/p>\n<\/li>\n<li data-start=\"1480\" data-end=\"2295\">\n<p data-start=\"1482\" data-end=\"2295\">L\u2019USUARI es compromet a fer un \u00fas adequat dels continguts i serveis que MEDITEMPUS ETT, S.A. pugui oferir a trav\u00e9s del seu portal i, a t\u00edtol enunciatiu per\u00f2 no limitatiu, a no utilitzar-los per:<br data-start=\"1676\" data-end=\"1679\" \/>(i) realitzar activitats il\u00b7l\u00edcites, il\u00b7legals o contr\u00e0ries a la bona fe i a l\u2019ordre p\u00fablic;<br data-start=\"1773\" data-end=\"1776\" \/>(ii) difondre continguts o propaganda de car\u00e0cter racista, xen\u00f2fob, pornogr\u00e0fic-il\u00b7legal, d\u2019apologia del terrorisme o que atempti contra els drets humans;<br data-start=\"1932\" data-end=\"1935\" \/>(iii) provocar danys en els sistemes f\u00edsics i l\u00f2gics de MEDITEMPUS ETT, S.A., dels seus prove\u00efdors o de terceres persones, o introduir o difondre virus inform\u00e0tics o altres sistemes susceptibles de provocar els danys abans esmentats;<br data-start=\"2170\" data-end=\"2173\" \/>(iv) intentar accedir i, si escau, utilitzar comptes de correu electr\u00f2nic d\u2019altres usuaris i manipular-ne els missatges.<\/p>\n<\/li>\n<\/ul>\n<p data-start=\"2297\" data-end=\"2467\">En qualsevol cas, <strong data-start=\"2315\" data-end=\"2339\">MEDITEMPUS ETT, S.A.<\/strong> no ser\u00e0 responsable de les opinions manifestades pels usuaris a trav\u00e9s de comentaris o altres eines de participaci\u00f3 o blogging.<\/p>\n<p data-start=\"2469\" data-end=\"2594\">L\u2019acc\u00e9s a aquest lloc web no suposa establir cap mena de relaci\u00f3 de car\u00e0cter comercial entre MEDITEMPUS ETT, S.A. i l\u2019usuari.<\/p>\n<p data-start=\"2596\" data-end=\"2858\">L\u2019usuari declara ser major d\u2019edat i disposar de la capacitat jur\u00eddica suficient per vincular-se per les presents condicions. Aquest lloc web no s\u2019adre\u00e7a a menors d\u2019edat. MEDITEMPUS ETT, S.A. declina qualsevol responsabilitat per l\u2019incompliment d\u2019aquest requisit.<\/p>\n<p data-start=\"2860\" data-end=\"3059\">La responsabilitat derivada del mal \u00fas dels continguts del present lloc web recaur\u00e0 \u00fanica i exclusivament sobre l\u2019Usuari, quedant MEDITEMPUS ETT, S.A. exonerada de qualsevol tipus de responsabilitat.<\/p>\n<h2 data-start=\"3066\" data-end=\"3112\"><strong data-start=\"3069\" data-end=\"3112\">Exclusi\u00f3 de garanties i responsabilitat<\/strong><\/h2>\n<p data-start=\"3114\" data-end=\"3454\">MEDITEMPUS ETT, S.A. no es fa responsable, en cap cas, dels danys i perjudicis de qualsevol naturalesa que poguessin ocasionar, a t\u00edtol enunciatiu: errors u omissions en els continguts, falta de disponibilitat del portal o transmissi\u00f3 de virus o programes maliciosos, tot i haver adoptat les mesures tecnol\u00f2giques necess\u00e0ries per evitar-ho.<\/p>\n<h2 data-start=\"3461\" data-end=\"3476\"><strong data-start=\"3464\" data-end=\"3476\">Enlla\u00e7os<\/strong><\/h2>\n<p data-start=\"3478\" data-end=\"3658\">En el cas que al Lloc Web s\u2019incloguin enlla\u00e7os o hipervincles cap a altres llocs d\u2019Internet, MEDITEMPUS ETT, S.A. no exercir\u00e0 cap tipus de control sobre aquests llocs i continguts.<\/p>\n<p data-start=\"3660\" data-end=\"3930\">En cap cas MEDITEMPUS ETT, S.A. assumir\u00e0 cap responsabilitat pels continguts d\u2019algun enlla\u00e7 pertanyent a un lloc web ali\u00e8, ni garantir\u00e0 la disponibilitat t\u00e8cnica, qualitat, fiabilitat, exactitud, amplitud, veracitat o validesa dels materials o informaci\u00f3 que continguin.<\/p>\n<p data-start=\"3932\" data-end=\"4058\">La inclusi\u00f3 d\u2019aquests enlla\u00e7os externs no implicar\u00e0 cap tipus d\u2019associaci\u00f3, fusi\u00f3 o participaci\u00f3 amb les entitats connectades.<\/p>\n<h2 data-start=\"4065\" data-end=\"4108\"><strong data-start=\"4068\" data-end=\"4108\">Propietat intel\u00b7lectual i industrial<\/strong><\/h2>\n<p data-start=\"4110\" data-end=\"4489\">MEDITEMPUS ETT, S.A. \u00e9s titular, per si o com a cession\u00e0ria, de tots els drets de propietat intel\u00b7lectual i industrial del seu lloc web, aix\u00ed com dels elements continguts en aquest (imatges, sons, \u00e0udio, v\u00eddeo, software, textos, marques, logotips, combinacions de colors, estructura, disseny, materials utilitzats, programes necessaris per al seu funcionament, acc\u00e9s i \u00fas, etc.).<\/p>\n<p data-start=\"4491\" data-end=\"4800\">Queden expressament prohibits la reproducci\u00f3, distribuci\u00f3 i comunicaci\u00f3 p\u00fablica \u2014inclosa la modalitat de posada a disposici\u00f3\u2014, total o parcial, dels continguts d\u2019aquesta p\u00e0gina web amb finalitats comercials, en qualsevol suport i per qualsevol mitj\u00e0 t\u00e8cnic, sense l\u2019autoritzaci\u00f3 pr\u00e8via de MEDITEMPUS ETT, S.A.<\/p>\n<p data-start=\"4802\" data-end=\"5037\">L\u2019USUARI es compromet a respectar els drets de Propietat Intel\u00b7lectual i Industrial titularitat de MEDITEMPUS ETT, S.A., i podr\u00e0 visualitzar, imprimir, copiar o emmagatzemar els elements del portal \u00fanicament per a \u00fas personal i privat.<\/p>\n<p data-start=\"5039\" data-end=\"5214\">L\u2019USUARI haur\u00e0 d\u2019abstenir-se de suprimir, alterar, eludir o manipular qualsevol dispositiu de protecci\u00f3 o sistema de seguretat instal\u00b7lat a les p\u00e0gines de MEDITEMPUS ETT, S.A.<\/p>\n<h2 data-start=\"5221\" data-end=\"5266\"><strong data-start=\"5224\" data-end=\"5266\">Modificaci\u00f3 de les presents condicions<\/strong><\/h2>\n<p data-start=\"5268\" data-end=\"5505\">MEDITEMPUS ETT, S.A. podr\u00e0 modificar en qualsevol moment les condicions aqu\u00ed establertes, que seran degudament publicades. La vig\u00e8ncia d\u2019aquestes condicions es mantindr\u00e0 fins que siguin substitu\u00efdes per unes altres degudament publicades.<\/p>\n<h2 data-start=\"5512\" data-end=\"5539\"><strong data-start=\"5515\" data-end=\"5539\">Legislaci\u00f3 aplicable<\/strong><\/h2>\n<p data-start=\"5541\" data-end=\"5727\">MEDITEMPUS ETT, S.A. es reserva el dret d\u2019exercir accions civils o penals per la utilitzaci\u00f3 indeguda del lloc web i els seus continguts, o per l\u2019incompliment de les presents condicions.<\/p>\n<p data-start=\"5729\" data-end=\"6013\">La relaci\u00f3 entre l\u2019usuari i MEDITEMPUS ETT, S.A. es regir\u00e0 per la normativa vigent i aplicable al territori espanyol. Les parts sotmetran qualsevol controv\u00e8rsia derivada de la interpretaci\u00f3 i\/o aplicaci\u00f3 d\u2019aquestes condicions als jutjats i tribunals corresponents d\u2019acord amb la llei.<\/p>\n","protected":false},"excerpt":{"rendered":"<p>Titular del lloc web En compliment del deure d\u2019informaci\u00f3 disposat a la Llei 34\/2002 de Serveis de la Societat de la Informaci\u00f3 i del Comer\u00e7 Electr\u00f2nic (LSSI-CE) d\u201911 de juliol, es faciliten a continuaci\u00f3 les dades d\u2019informaci\u00f3 general d\u2019aquest lloc web: La titularitat d\u2019aquest lloc web, https:\/\/www.meditempus.com (d\u2019ara endavant, Lloc Web), l\u2019ostenta MEDITEMPUS ETT, S.A., [&hellip;]<\/p>\n","protected":false},"author":3,"featured_media":14225,"parent":0,"menu_order":1000,"comment_status":"closed","ping_status":"closed","template":"","meta":{"footnotes":""},"class_list":["post-14405","page","type-page","status-publish","has-post-thumbnail","hentry"],"yoast_head":"<!-- This site is optimized with the Yoast SEO plugin v27.3 - https:\/\/yoast.com\/product\/yoast-seo-wordpress\/ -->\n<title>Av\u00eds Legal - Meditempus<\/title>\n<meta name=\"description\" content=\"Consulta el nostre Av\u00eds Legal per con\u00e8ixer la informaci\u00f3 sobre la titularitat, les condicions d\u2019\u00fas i les responsabilitats de la p\u00e0gina web.\" \/>\n<meta name=\"robots\" content=\"index, follow, max-snippet:-1, max-image-preview:large, max-video-preview:-1\" \/>\n<link rel=\"canonical\" href=\"https:\/\/www.meditempus.com\/ca\/avis-legal\/\" \/>\n<meta property=\"og:locale\" content=\"ca_ES\" \/>\n<meta property=\"og:type\" content=\"article\" \/>\n<meta property=\"og:title\" content=\"Av\u00eds Legal - Meditempus\" \/>\n<meta property=\"og:description\" content=\"Consulta el nostre Av\u00eds Legal per con\u00e8ixer la informaci\u00f3 sobre la titularitat, les condicions d\u2019\u00fas i les responsabilitats de la p\u00e0gina web.\" \/>\n<meta property=\"og:url\" content=\"https:\/\/www.meditempus.com\/ca\/avis-legal\/\" \/>\n<meta property=\"og:site_name\" content=\"Meditempus\" \/>\n<meta property=\"article:modified_time\" content=\"2025-12-01T11:05:03+00:00\" \/>\n<meta property=\"og:image\" content=\"https:\/\/www.meditempus.com\/wp-content\/uploads\/2025\/09\/Meditempus-07-e1758628420744.jpg\" \/>\n\t<meta property=\"og:image:width\" content=\"3000\" \/>\n\t<meta property=\"og:image:height\" content=\"1005\" \/>\n\t<meta property=\"og:image:type\" content=\"image\/jpeg\" \/>\n<meta name=\"twitter:card\" content=\"summary_large_image\" \/>\n<meta name=\"twitter:label1\" content=\"Temps estimat de lectura\" \/>\n\t<meta name=\"twitter:data1\" content=\"5 minuts\" \/>\n<script type=\"application\/ld+json\" class=\"yoast-schema-graph\">{\"@context\":\"https:\\\/\\\/schema.org\",\"@graph\":[{\"@type\":\"WebPage\",\"@id\":\"https:\\\/\\\/www.meditempus.com\\\/ca\\\/avis-legal\\\/\",\"url\":\"https:\\\/\\\/www.meditempus.com\\\/ca\\\/avis-legal\\\/\",\"name\":\"Av\u00eds Legal - Meditempus\",\"isPartOf\":{\"@id\":\"https:\\\/\\\/www.meditempus.com\\\/ca\\\/#website\"},\"primaryImageOfPage\":{\"@id\":\"https:\\\/\\\/www.meditempus.com\\\/ca\\\/avis-legal\\\/#primaryimage\"},\"image\":{\"@id\":\"https:\\\/\\\/www.meditempus.com\\\/ca\\\/avis-legal\\\/#primaryimage\"},\"thumbnailUrl\":\"https:\\\/\\\/www.meditempus.com\\\/wp-content\\\/uploads\\\/2025\\\/09\\\/Meditempus-07-e1758628420744.jpg\",\"datePublished\":\"2025-04-07T12:11:27+00:00\",\"dateModified\":\"2025-12-01T11:05:03+00:00\",\"description\":\"Consulta el nostre Av\u00eds Legal per con\u00e8ixer la informaci\u00f3 sobre la titularitat, les condicions d\u2019\u00fas i les responsabilitats de la p\u00e0gina web.\",\"breadcrumb\":{\"@id\":\"https:\\\/\\\/www.meditempus.com\\\/ca\\\/avis-legal\\\/#breadcrumb\"},\"inLanguage\":\"ca\",\"potentialAction\":[{\"@type\":\"ReadAction\",\"target\":[\"https:\\\/\\\/www.meditempus.com\\\/ca\\\/avis-legal\\\/\"]}]},{\"@type\":\"ImageObject\",\"inLanguage\":\"ca\",\"@id\":\"https:\\\/\\\/www.meditempus.com\\\/ca\\\/avis-legal\\\/#primaryimage\",\"url\":\"https:\\\/\\\/www.meditempus.com\\\/wp-content\\\/uploads\\\/2025\\\/09\\\/Meditempus-07-e1758628420744.jpg\",\"contentUrl\":\"https:\\\/\\\/www.meditempus.com\\\/wp-content\\\/uploads\\\/2025\\\/09\\\/Meditempus-07-e1758628420744.jpg\",\"width\":3000,\"height\":1005},{\"@type\":\"BreadcrumbList\",\"@id\":\"https:\\\/\\\/www.meditempus.com\\\/ca\\\/avis-legal\\\/#breadcrumb\",\"itemListElement\":[{\"@type\":\"ListItem\",\"position\":1,\"name\":\"Home\",\"item\":\"https:\\\/\\\/www.meditempus.com\\\/ca\\\/\"},{\"@type\":\"ListItem\",\"position\":2,\"name\":\"Av\u00eds Legal\"}]},{\"@type\":\"WebSite\",\"@id\":\"https:\\\/\\\/www.meditempus.com\\\/ca\\\/#website\",\"url\":\"https:\\\/\\\/www.meditempus.com\\\/ca\\\/\",\"name\":\"Meditempus\",\"description\":\"En Meditempus unimos personas, talento y futuro\",\"potentialAction\":[{\"@type\":\"SearchAction\",\"target\":{\"@type\":\"EntryPoint\",\"urlTemplate\":\"https:\\\/\\\/www.meditempus.com\\\/ca\\\/?s={search_term_string}\"},\"query-input\":{\"@type\":\"PropertyValueSpecification\",\"valueRequired\":true,\"valueName\":\"search_term_string\"}}],\"inLanguage\":\"ca\"}]}<\/script>\n<!-- \/ Yoast SEO plugin. -->","yoast_head_json":{"title":"Av\u00eds Legal - Meditempus","description":"Consulta el nostre Av\u00eds Legal per con\u00e8ixer la informaci\u00f3 sobre la titularitat, les condicions d\u2019\u00fas i les responsabilitats de la p\u00e0gina web.","robots":{"index":"index","follow":"follow","max-snippet":"max-snippet:-1","max-image-preview":"max-image-preview:large","max-video-preview":"max-video-preview:-1"},"canonical":"https:\/\/www.meditempus.com\/ca\/avis-legal\/","og_locale":"ca_ES","og_type":"article","og_title":"Av\u00eds Legal - Meditempus","og_description":"Consulta el nostre Av\u00eds Legal per con\u00e8ixer la informaci\u00f3 sobre la titularitat, les condicions d\u2019\u00fas i les responsabilitats de la p\u00e0gina web.","og_url":"https:\/\/www.meditempus.com\/ca\/avis-legal\/","og_site_name":"Meditempus","article_modified_time":"2025-12-01T11:05:03+00:00","og_image":[{"width":3000,"height":1005,"url":"https:\/\/www.meditempus.com\/wp-content\/uploads\/2025\/09\/Meditempus-07-e1758628420744.jpg","type":"image\/jpeg"}],"twitter_card":"summary_large_image","twitter_misc":{"Temps estimat de lectura":"5 minuts"},"schema":{"@context":"https:\/\/schema.org","@graph":[{"@type":"WebPage","@id":"https:\/\/www.meditempus.com\/ca\/avis-legal\/","url":"https:\/\/www.meditempus.com\/ca\/avis-legal\/","name":"Av\u00eds Legal - Meditempus","isPartOf":{"@id":"https:\/\/www.meditempus.com\/ca\/#website"},"primaryImageOfPage":{"@id":"https:\/\/www.meditempus.com\/ca\/avis-legal\/#primaryimage"},"image":{"@id":"https:\/\/www.meditempus.com\/ca\/avis-legal\/#primaryimage"},"thumbnailUrl":"https:\/\/www.meditempus.com\/wp-content\/uploads\/2025\/09\/Meditempus-07-e1758628420744.jpg","datePublished":"2025-04-07T12:11:27+00:00","dateModified":"2025-12-01T11:05:03+00:00","description":"Consulta el nostre Av\u00eds Legal per con\u00e8ixer la informaci\u00f3 sobre la titularitat, les condicions d\u2019\u00fas i les responsabilitats de la p\u00e0gina web.","breadcrumb":{"@id":"https:\/\/www.meditempus.com\/ca\/avis-legal\/#breadcrumb"},"inLanguage":"ca","potentialAction":[{"@type":"ReadAction","target":["https:\/\/www.meditempus.com\/ca\/avis-legal\/"]}]},{"@type":"ImageObject","inLanguage":"ca","@id":"https:\/\/www.meditempus.com\/ca\/avis-legal\/#primaryimage","url":"https:\/\/www.meditempus.com\/wp-content\/uploads\/2025\/09\/Meditempus-07-e1758628420744.jpg","contentUrl":"https:\/\/www.meditempus.com\/wp-content\/uploads\/2025\/09\/Meditempus-07-e1758628420744.jpg","width":3000,"height":1005},{"@type":"BreadcrumbList","@id":"https:\/\/www.meditempus.com\/ca\/avis-legal\/#breadcrumb","itemListElement":[{"@type":"ListItem","position":1,"name":"Home","item":"https:\/\/www.meditempus.com\/ca\/"},{"@type":"ListItem","position":2,"name":"Av\u00eds Legal"}]},{"@type":"WebSite","@id":"https:\/\/www.meditempus.com\/ca\/#website","url":"https:\/\/www.meditempus.com\/ca\/","name":"Meditempus","description":"En Meditempus unimos personas, talento y futuro","potentialAction":[{"@type":"SearchAction","target":{"@type":"EntryPoint","urlTemplate":"https:\/\/www.meditempus.com\/ca\/?s={search_term_string}"},"query-input":{"@type":"PropertyValueSpecification","valueRequired":true,"valueName":"search_term_string"}}],"inLanguage":"ca"}]}},"_links":{"self":[{"href":"https:\/\/www.meditempus.com\/ca\/wp-json\/wp\/v2\/pages\/14405","targetHints":{"allow":["GET"]}}],"collection":[{"href":"https:\/\/www.meditempus.com\/ca\/wp-json\/wp\/v2\/pages"}],"about":[{"href":"https:\/\/www.meditempus.com\/ca\/wp-json\/wp\/v2\/types\/page"}],"author":[{"embeddable":true,"href":"https:\/\/www.meditempus.com\/ca\/wp-json\/wp\/v2\/users\/3"}],"replies":[{"embeddable":true,"href":"https:\/\/www.meditempus.com\/ca\/wp-json\/wp\/v2\/comments?post=14405"}],"version-history":[{"count":2,"href":"https:\/\/www.meditempus.com\/ca\/wp-json\/wp\/v2\/pages\/14405\/revisions"}],"predecessor-version":[{"id":14407,"href":"https:\/\/www.meditempus.com\/ca\/wp-json\/wp\/v2\/pages\/14405\/revisions\/14407"}],"wp:featuredmedia":[{"embeddable":true,"href":"https:\/\/www.meditempus.com\/ca\/wp-json\/wp\/v2\/media\/14225"}],"wp:attachment":[{"href":"https:\/\/www.meditempus.com\/ca\/wp-json\/wp\/v2\/media?parent=14405"}],"curies":[{"name":"wp","href":"https:\/\/api.w.org\/{rel}","templated":true}]}}