{"id":14410,"date":"2025-09-23T09:46:24","date_gmt":"2025-09-23T07:46:24","guid":{"rendered":"https:\/\/www.meditempus.com\/marco-legal\/"},"modified":"2026-01-13T12:44:14","modified_gmt":"2026-01-13T10:44:14","slug":"marc-legal","status":"publish","type":"page","link":"https:\/\/www.meditempus.com\/ca\/marc-legal\/","title":{"rendered":"Marc legal"},"content":{"rendered":"<h2 data-start=\"75\" data-end=\"100\"><strong data-start=\"78\" data-end=\"100\">Garantia financera<\/strong><\/h2>\n<p data-start=\"102\" data-end=\"591\">Meditempus ha presentat davant el Ministeri de Treball, segons el que preveu l\u2019Article 3 de la Llei 14\/1994, de l\u20191 de juny, per la qual es regula l\u2019activitat de les Empreses de Treball Temporal, un aval del <strong data-start=\"310\" data-end=\"357\">10 % de la massa salarial de l\u2019any anterior<\/strong>, que garanteix les percepcions salarials, les indemnitzacions econ\u00f2miques derivades de la finalitzaci\u00f3 del contracte i les liquidacions de Seguretat Social contretes pels treballadors contractats per ser cedits a empreses usu\u00e0ries.<\/p>\n<p data-start=\"593\" data-end=\"728\">Per aquest motiu, els nostres clients es troben <strong data-start=\"641\" data-end=\"727\">garantits i totalment desvinculats de qualsevol responsabilitat en mat\u00e8ria laboral<\/strong>.<\/p>\n<h2 data-start=\"735\" data-end=\"759\"><strong data-start=\"738\" data-end=\"759\">Garantia jur\u00eddica<\/strong><\/h2>\n<p data-start=\"761\" data-end=\"998\">Complim amb tota la normativa legal vigent que regula l\u2019activitat de les Empreses de Treball Temporal, recollida a la Llei 14\/1994. A m\u00e9s, disposem de l\u2019<strong data-start=\"914\" data-end=\"972\">Autoritzaci\u00f3 Administrativa definitiva N\u00fam. 79\/0247\/10<\/strong> del Ministeri de Treball.<\/p>\n<p data-start=\"1000\" data-end=\"1281\">Tot el nostre personal compleix rigorosament totes les normes vigents en mat\u00e8ria laboral, tant pel que fa a la seva afiliaci\u00f3 a la Seguretat Social com a la contractaci\u00f3 a trav\u00e9s de l\u2019O.T.G. Estem al corrent de les nostres obligacions de pagament amb la Seguretat Social i Hisenda.<\/p>\n<h2 data-start=\"1288\" data-end=\"1323\"><strong data-start=\"1291\" data-end=\"1323\">Prevenci\u00f3 de riscos laborals<\/strong><\/h2>\n<p data-start=\"1325\" data-end=\"1665\">Segons el Reial Decret 216\/1999, de 5 de febrer, sobre les disposicions m\u00ednimes de seguretat i salut en el treball en l\u2019\u00e0mbit de les empreses de treball temporal, l\u2019Article 2.1 estableix que, <strong data-start=\"1517\" data-end=\"1592\">amb car\u00e0cter previ a la celebraci\u00f3 del contracte de posada a disposici\u00f3<\/strong>, l\u2019empresa usu\u00e0ria haur\u00e0 d\u2019informar l\u2019empresa de treball temporal sobre:<\/p>\n<ul>\n<li data-start=\"1669\" data-end=\"1719\">Les caracter\u00edstiques pr\u00f2pies del lloc de treball<\/li>\n<li data-start=\"1669\" data-end=\"1719\">Les tasques a desenvolupar<\/li>\n<li data-start=\"1669\" data-end=\"1719\">Els riscos professionals associats<\/li>\n<\/ul>\n<p data-start=\"1791\" data-end=\"1804\">A Meditempus:<\/p>\n<ul data-start=\"1806\" data-end=\"2293\">\n<li data-start=\"1806\" data-end=\"1861\">\n<p data-start=\"1808\" data-end=\"1861\">Estudiem el teu pla de prevenci\u00f3 de riscos laborals<\/p>\n<\/li>\n<li data-start=\"1862\" data-end=\"1961\">\n<p data-start=\"1864\" data-end=\"1961\">Formem els treballadors en mat\u00e8ria de Prevenci\u00f3 de Riscos Laborals per al lloc que han d\u2019ocupar<\/p>\n<\/li>\n<li data-start=\"1962\" data-end=\"2135\">\n<p data-start=\"1964\" data-end=\"2135\">Ens encarreguem de realitzar el reconeixement m\u00e8dic dels candidats seleccionats i de vetllar per la salut laboral dels treballadors durant tota la vig\u00e8ncia del contracte<\/p>\n<\/li>\n<li data-start=\"2136\" data-end=\"2293\">\n<p data-start=\"2138\" data-end=\"2293\">Comptem amb un <strong data-start=\"2153\" data-end=\"2193\">Asseguran\u00e7a de Responsabilitat Civil<\/strong> per cobrir qualsevol accident o dany a tercers que puguin provocar els treballadors de Meditempus<\/p>\n<\/li>\n<\/ul>\n","protected":false},"excerpt":{"rendered":"<p>Garantia financera Meditempus ha presentat davant el Ministeri de Treball, segons el que preveu l\u2019Article 3 de la Llei 14\/1994, de l\u20191 de juny, per la qual es regula l\u2019activitat de les Empreses de Treball Temporal, un aval del 10 % de la massa salarial de l\u2019any anterior, que garanteix les percepcions salarials, les indemnitzacions [&hellip;]<\/p>\n","protected":false},"author":4,"featured_media":0,"parent":0,"menu_order":10,"comment_status":"closed","ping_status":"closed","template":"","meta":{"footnotes":""},"class_list":["post-14410","page","type-page","status-publish","hentry"],"yoast_head":"<!-- This site is optimized with the Yoast SEO plugin v27.3 - https:\/\/yoast.com\/product\/yoast-seo-wordpress\/ -->\n<title>Marc legal | Meditempus<\/title>\n<meta name=\"description\" content=\"Accedeix al nostre Marc Legal i coneix la normativa, les condicions i les obligacions que regeixen aquest lloc web.\" \/>\n<meta name=\"robots\" content=\"index, follow, max-snippet:-1, max-image-preview:large, max-video-preview:-1\" \/>\n<link rel=\"canonical\" href=\"https:\/\/www.meditempus.com\/ca\/marc-legal\/\" \/>\n<meta property=\"og:locale\" content=\"ca_ES\" \/>\n<meta property=\"og:type\" content=\"article\" \/>\n<meta property=\"og:title\" content=\"Marc legal | Meditempus\" \/>\n<meta property=\"og:description\" content=\"Accedeix al nostre Marc Legal i coneix la normativa, les condicions i les obligacions que regeixen aquest lloc web.\" \/>\n<meta property=\"og:url\" content=\"https:\/\/www.meditempus.com\/ca\/marc-legal\/\" \/>\n<meta property=\"og:site_name\" content=\"Meditempus\" \/>\n<meta property=\"article:modified_time\" content=\"2026-01-13T10:44:14+00:00\" \/>\n<meta name=\"twitter:card\" content=\"summary_large_image\" \/>\n<meta name=\"twitter:label1\" content=\"Temps estimat de lectura\" \/>\n\t<meta name=\"twitter:data1\" content=\"2 minuts\" \/>\n<script type=\"application\/ld+json\" class=\"yoast-schema-graph\">{\"@context\":\"https:\\\/\\\/schema.org\",\"@graph\":[{\"@type\":\"WebPage\",\"@id\":\"https:\\\/\\\/www.meditempus.com\\\/ca\\\/marc-legal\\\/\",\"url\":\"https:\\\/\\\/www.meditempus.com\\\/ca\\\/marc-legal\\\/\",\"name\":\"Marc legal | Meditempus\",\"isPartOf\":{\"@id\":\"https:\\\/\\\/www.meditempus.com\\\/ca\\\/#website\"},\"datePublished\":\"2025-09-23T07:46:24+00:00\",\"dateModified\":\"2026-01-13T10:44:14+00:00\",\"description\":\"Accedeix al nostre Marc Legal i coneix la normativa, les condicions i les obligacions que regeixen aquest lloc web.\",\"breadcrumb\":{\"@id\":\"https:\\\/\\\/www.meditempus.com\\\/ca\\\/marc-legal\\\/#breadcrumb\"},\"inLanguage\":\"ca\",\"potentialAction\":[{\"@type\":\"ReadAction\",\"target\":[\"https:\\\/\\\/www.meditempus.com\\\/ca\\\/marc-legal\\\/\"]}]},{\"@type\":\"BreadcrumbList\",\"@id\":\"https:\\\/\\\/www.meditempus.com\\\/ca\\\/marc-legal\\\/#breadcrumb\",\"itemListElement\":[{\"@type\":\"ListItem\",\"position\":1,\"name\":\"Home\",\"item\":\"https:\\\/\\\/www.meditempus.com\\\/ca\\\/\"},{\"@type\":\"ListItem\",\"position\":2,\"name\":\"Marc legal\"}]},{\"@type\":\"WebSite\",\"@id\":\"https:\\\/\\\/www.meditempus.com\\\/ca\\\/#website\",\"url\":\"https:\\\/\\\/www.meditempus.com\\\/ca\\\/\",\"name\":\"Meditempus\",\"description\":\"En Meditempus unimos personas, talento y futuro\",\"potentialAction\":[{\"@type\":\"SearchAction\",\"target\":{\"@type\":\"EntryPoint\",\"urlTemplate\":\"https:\\\/\\\/www.meditempus.com\\\/ca\\\/?s={search_term_string}\"},\"query-input\":{\"@type\":\"PropertyValueSpecification\",\"valueRequired\":true,\"valueName\":\"search_term_string\"}}],\"inLanguage\":\"ca\"}]}<\/script>\n<!-- \/ Yoast SEO plugin. -->","yoast_head_json":{"title":"Marc legal | Meditempus","description":"Accedeix al nostre Marc Legal i coneix la normativa, les condicions i les obligacions que regeixen aquest lloc web.","robots":{"index":"index","follow":"follow","max-snippet":"max-snippet:-1","max-image-preview":"max-image-preview:large","max-video-preview":"max-video-preview:-1"},"canonical":"https:\/\/www.meditempus.com\/ca\/marc-legal\/","og_locale":"ca_ES","og_type":"article","og_title":"Marc legal | Meditempus","og_description":"Accedeix al nostre Marc Legal i coneix la normativa, les condicions i les obligacions que regeixen aquest lloc web.","og_url":"https:\/\/www.meditempus.com\/ca\/marc-legal\/","og_site_name":"Meditempus","article_modified_time":"2026-01-13T10:44:14+00:00","twitter_card":"summary_large_image","twitter_misc":{"Temps estimat de lectura":"2 minuts"},"schema":{"@context":"https:\/\/schema.org","@graph":[{"@type":"WebPage","@id":"https:\/\/www.meditempus.com\/ca\/marc-legal\/","url":"https:\/\/www.meditempus.com\/ca\/marc-legal\/","name":"Marc legal | Meditempus","isPartOf":{"@id":"https:\/\/www.meditempus.com\/ca\/#website"},"datePublished":"2025-09-23T07:46:24+00:00","dateModified":"2026-01-13T10:44:14+00:00","description":"Accedeix al nostre Marc Legal i coneix la normativa, les condicions i les obligacions que regeixen aquest lloc web.","breadcrumb":{"@id":"https:\/\/www.meditempus.com\/ca\/marc-legal\/#breadcrumb"},"inLanguage":"ca","potentialAction":[{"@type":"ReadAction","target":["https:\/\/www.meditempus.com\/ca\/marc-legal\/"]}]},{"@type":"BreadcrumbList","@id":"https:\/\/www.meditempus.com\/ca\/marc-legal\/#breadcrumb","itemListElement":[{"@type":"ListItem","position":1,"name":"Home","item":"https:\/\/www.meditempus.com\/ca\/"},{"@type":"ListItem","position":2,"name":"Marc legal"}]},{"@type":"WebSite","@id":"https:\/\/www.meditempus.com\/ca\/#website","url":"https:\/\/www.meditempus.com\/ca\/","name":"Meditempus","description":"En Meditempus unimos personas, talento y futuro","potentialAction":[{"@type":"SearchAction","target":{"@type":"EntryPoint","urlTemplate":"https:\/\/www.meditempus.com\/ca\/?s={search_term_string}"},"query-input":{"@type":"PropertyValueSpecification","valueRequired":true,"valueName":"search_term_string"}}],"inLanguage":"ca"}]}},"_links":{"self":[{"href":"https:\/\/www.meditempus.com\/ca\/wp-json\/wp\/v2\/pages\/14410","targetHints":{"allow":["GET"]}}],"collection":[{"href":"https:\/\/www.meditempus.com\/ca\/wp-json\/wp\/v2\/pages"}],"about":[{"href":"https:\/\/www.meditempus.com\/ca\/wp-json\/wp\/v2\/types\/page"}],"author":[{"embeddable":true,"href":"https:\/\/www.meditempus.com\/ca\/wp-json\/wp\/v2\/users\/4"}],"replies":[{"embeddable":true,"href":"https:\/\/www.meditempus.com\/ca\/wp-json\/wp\/v2\/comments?post=14410"}],"version-history":[{"count":2,"href":"https:\/\/www.meditempus.com\/ca\/wp-json\/wp\/v2\/pages\/14410\/revisions"}],"predecessor-version":[{"id":14412,"href":"https:\/\/www.meditempus.com\/ca\/wp-json\/wp\/v2\/pages\/14410\/revisions\/14412"}],"wp:attachment":[{"href":"https:\/\/www.meditempus.com\/ca\/wp-json\/wp\/v2\/media?parent=14410"}],"curies":[{"name":"wp","href":"https:\/\/api.w.org\/{rel}","templated":true}]}}