{"id":14460,"date":"2025-09-23T09:51:13","date_gmt":"2025-09-23T07:51:13","guid":{"rendered":"https:\/\/www.meditempus.com\/agencia-de-colocacion\/"},"modified":"2025-12-02T11:32:31","modified_gmt":"2025-12-02T09:32:31","slug":"agencia-de-colocacio","status":"publish","type":"page","link":"https:\/\/www.meditempus.com\/ca\/agencia-de-colocacio\/","title":{"rendered":"Ag\u00e8ncia de col\u00b7locaci\u00f3"},"content":{"rendered":"<p data-start=\"107\" data-end=\"261\"><strong data-start=\"107\" data-end=\"261\">Disposem del n\u00famero d\u2019Autoritzaci\u00f3 9900000394 per poder operar com a ag\u00e8ncia de col\u00b7locaci\u00f3, d\u2019acord amb el Reial decret 1796\/2010, de 30 de desembre.<br \/>\n<\/strong>Les ag\u00e8ncies de col\u00b7locaci\u00f3 realitzem activitats d\u2019intermediaci\u00f3 laboral per tal de promoure a les persones treballadores una ocupaci\u00f3 adequada a les seves caracter\u00edstiques i facilitar als ocupadors els professionals m\u00e9s preparats per a les seves necessitats.<br \/>\nAmb aquesta finalitat, valorem els perfils, les aptituds, els coneixements i la qualificaci\u00f3 professional de les persones treballadores que vulgueu trobar una feina a trav\u00e9s dels nostres serveis.<br \/>\nLes nostres oficines estan obertes per escoltar-vos i atendre les vostres necessitats <strong data-start=\"807\" data-end=\"862\">de 9 a 14 h i de 15 a 18 h, de dilluns a divendres.<\/strong><\/p>\n<p><strong>MEDITEMPUS ETT SA<\/strong><\/p>\n<p><b><\/b><strong data-start=\"896\" data-end=\"934\">AG\u00c8NCIA DE COL\u00b7LOCACI\u00d3: 9900000394<\/strong><br data-start=\"934\" data-end=\"937\" \/>Ag\u00e8ncia col\u00b7laboradora del Servei P\u00fablic d\u2019Ocupaci\u00f3 de Catalunya en el marc de les actuacions previstes a la Resoluci\u00f3 TSF\/2697\/2018, de 8 de novembre.<br data-start=\"1088\" data-end=\"1091\" \/>Aquest programa est\u00e0 subvencionat pel <strong data-start=\"1129\" data-end=\"1170\">Servei P\u00fablic d\u2019Ocupaci\u00f3 de Catalunya<\/strong> i finan\u00e7at pel <strong data-start=\"1186\" data-end=\"1241\">Ministeri de Treball, Migracions i Seguretat Social<\/strong>.<\/p>\n<p>&nbsp;<\/p>\n<p><img loading=\"lazy\" decoding=\"async\" class=\"alignnone wp-image-11112\" src=\"https:\/\/meditempus.duplotest.com\/web\/wp-content\/uploads\/2025\/09\/logo-soc.png\" alt=\"\" width=\"480\" height=\"120\" srcset=\"https:\/\/www.meditempus.com\/wp-content\/uploads\/2025\/09\/logo-soc.png 800w, https:\/\/www.meditempus.com\/wp-content\/uploads\/2025\/09\/logo-soc-768x192.png 768w\" sizes=\"auto, (max-width: 480px) 100vw, 480px\" \/>\u00a0 \u00a0<img loading=\"lazy\" decoding=\"async\" class=\"alignnone wp-image-11113\" src=\"https:\/\/meditempus.duplotest.com\/web\/wp-content\/uploads\/2025\/09\/Logotipo_de_la_Generalitat_de_Catalunya.svg-1.png\" alt=\"\" width=\"414\" height=\"120\" srcset=\"https:\/\/www.meditempus.com\/wp-content\/uploads\/2025\/09\/Logotipo_de_la_Generalitat_de_Catalunya.svg-1.png 1200w, https:\/\/www.meditempus.com\/wp-content\/uploads\/2025\/09\/Logotipo_de_la_Generalitat_de_Catalunya.svg-1-768x223.png 768w\" sizes=\"auto, (max-width: 414px) 100vw, 414px\" \/>\u00a0 \u00a0<img loading=\"lazy\" decoding=\"async\" class=\"alignnone wp-image-11114\" src=\"https:\/\/meditempus.duplotest.com\/web\/wp-content\/uploads\/2025\/09\/ministerio-Trabajo.png\" alt=\"Ministerio de trabajo, migraciones y seguridad social \" width=\"456\" height=\"120\" \/><\/p>\n","protected":false},"excerpt":{"rendered":"<p>Disposem del n\u00famero d\u2019Autoritzaci\u00f3 9900000394 per poder operar com a ag\u00e8ncia de col\u00b7locaci\u00f3, d\u2019acord amb el Reial decret 1796\/2010, de 30 de desembre. Les ag\u00e8ncies de col\u00b7locaci\u00f3 realitzem activitats d\u2019intermediaci\u00f3 laboral per tal de promoure a les persones treballadores una ocupaci\u00f3 adequada a les seves caracter\u00edstiques i facilitar als ocupadors els professionals m\u00e9s preparats per [&hellip;]<\/p>\n","protected":false},"author":4,"featured_media":0,"parent":0,"menu_order":10,"comment_status":"closed","ping_status":"closed","template":"","meta":{"footnotes":""},"class_list":["post-14460","page","type-page","status-publish","hentry"],"yoast_head":"<!-- This site is optimized with the Yoast SEO plugin v27.4 - https:\/\/yoast.com\/product\/yoast-seo-wordpress\/ -->\n<title>Ag\u00e8ncia de col\u00b7locaci\u00f3 | Meditempus<\/title>\n<meta name=\"description\" content=\"Meditempus ETT opera com a Ag\u00e8ncia de Col\u00b7locaci\u00f3, ajudant els candidats a trobar feina i les empreses a captar talent.\" \/>\n<meta name=\"robots\" content=\"index, follow, max-snippet:-1, max-image-preview:large, max-video-preview:-1\" \/>\n<link rel=\"canonical\" href=\"https:\/\/www.meditempus.com\/ca\/agencia-de-colocacio\/\" \/>\n<meta property=\"og:locale\" content=\"ca_ES\" \/>\n<meta property=\"og:type\" content=\"article\" \/>\n<meta property=\"og:title\" content=\"Ag\u00e8ncia de col\u00b7locaci\u00f3 | Meditempus\" \/>\n<meta property=\"og:description\" content=\"Meditempus ETT opera com a Ag\u00e8ncia de Col\u00b7locaci\u00f3, ajudant els candidats a trobar feina i les empreses a captar talent.\" \/>\n<meta property=\"og:url\" content=\"https:\/\/www.meditempus.com\/ca\/agencia-de-colocacio\/\" \/>\n<meta property=\"og:site_name\" content=\"Meditempus\" \/>\n<meta property=\"article:modified_time\" content=\"2025-12-02T09:32:31+00:00\" \/>\n<meta property=\"og:image\" content=\"https:\/\/www.meditempus.com\/wp-content\/uploads\/2025\/09\/logo-soc.png\" \/>\n\t<meta property=\"og:image:width\" content=\"800\" \/>\n\t<meta property=\"og:image:height\" content=\"200\" \/>\n\t<meta property=\"og:image:type\" content=\"image\/png\" \/>\n<meta name=\"twitter:card\" content=\"summary_large_image\" \/>\n<meta name=\"twitter:label1\" content=\"Temps estimat de lectura\" \/>\n\t<meta name=\"twitter:data1\" content=\"2 minuts\" \/>\n<script type=\"application\/ld+json\" class=\"yoast-schema-graph\">{\"@context\":\"https:\\\/\\\/schema.org\",\"@graph\":[{\"@type\":\"WebPage\",\"@id\":\"https:\\\/\\\/www.meditempus.com\\\/ca\\\/agencia-de-colocacio\\\/\",\"url\":\"https:\\\/\\\/www.meditempus.com\\\/ca\\\/agencia-de-colocacio\\\/\",\"name\":\"Ag\u00e8ncia de col\u00b7locaci\u00f3 | Meditempus\",\"isPartOf\":{\"@id\":\"https:\\\/\\\/www.meditempus.com\\\/ca\\\/#website\"},\"primaryImageOfPage\":{\"@id\":\"https:\\\/\\\/www.meditempus.com\\\/ca\\\/agencia-de-colocacio\\\/#primaryimage\"},\"image\":{\"@id\":\"https:\\\/\\\/www.meditempus.com\\\/ca\\\/agencia-de-colocacio\\\/#primaryimage\"},\"thumbnailUrl\":\"https:\\\/\\\/meditempus.duplotest.com\\\/web\\\/wp-content\\\/uploads\\\/2025\\\/09\\\/logo-soc.png\",\"datePublished\":\"2025-09-23T07:51:13+00:00\",\"dateModified\":\"2025-12-02T09:32:31+00:00\",\"description\":\"Meditempus ETT opera com a Ag\u00e8ncia de Col\u00b7locaci\u00f3, ajudant els candidats a trobar feina i les empreses a captar talent.\",\"breadcrumb\":{\"@id\":\"https:\\\/\\\/www.meditempus.com\\\/ca\\\/agencia-de-colocacio\\\/#breadcrumb\"},\"inLanguage\":\"ca\",\"potentialAction\":[{\"@type\":\"ReadAction\",\"target\":[\"https:\\\/\\\/www.meditempus.com\\\/ca\\\/agencia-de-colocacio\\\/\"]}]},{\"@type\":\"ImageObject\",\"inLanguage\":\"ca\",\"@id\":\"https:\\\/\\\/www.meditempus.com\\\/ca\\\/agencia-de-colocacio\\\/#primaryimage\",\"url\":\"https:\\\/\\\/meditempus.duplotest.com\\\/web\\\/wp-content\\\/uploads\\\/2025\\\/09\\\/logo-soc.png\",\"contentUrl\":\"https:\\\/\\\/meditempus.duplotest.com\\\/web\\\/wp-content\\\/uploads\\\/2025\\\/09\\\/logo-soc.png\"},{\"@type\":\"BreadcrumbList\",\"@id\":\"https:\\\/\\\/www.meditempus.com\\\/ca\\\/agencia-de-colocacio\\\/#breadcrumb\",\"itemListElement\":[{\"@type\":\"ListItem\",\"position\":1,\"name\":\"Home\",\"item\":\"https:\\\/\\\/www.meditempus.com\\\/ca\\\/\"},{\"@type\":\"ListItem\",\"position\":2,\"name\":\"Ag\u00e8ncia de col\u00b7locaci\u00f3\"}]},{\"@type\":\"WebSite\",\"@id\":\"https:\\\/\\\/www.meditempus.com\\\/ca\\\/#website\",\"url\":\"https:\\\/\\\/www.meditempus.com\\\/ca\\\/\",\"name\":\"Meditempus\",\"description\":\"En Meditempus unimos personas, talento y futuro\",\"potentialAction\":[{\"@type\":\"SearchAction\",\"target\":{\"@type\":\"EntryPoint\",\"urlTemplate\":\"https:\\\/\\\/www.meditempus.com\\\/ca\\\/?s={search_term_string}\"},\"query-input\":{\"@type\":\"PropertyValueSpecification\",\"valueRequired\":true,\"valueName\":\"search_term_string\"}}],\"inLanguage\":\"ca\"}]}<\/script>\n<!-- \/ Yoast SEO plugin. -->","yoast_head_json":{"title":"Ag\u00e8ncia de col\u00b7locaci\u00f3 | Meditempus","description":"Meditempus ETT opera com a Ag\u00e8ncia de Col\u00b7locaci\u00f3, ajudant els candidats a trobar feina i les empreses a captar talent.","robots":{"index":"index","follow":"follow","max-snippet":"max-snippet:-1","max-image-preview":"max-image-preview:large","max-video-preview":"max-video-preview:-1"},"canonical":"https:\/\/www.meditempus.com\/ca\/agencia-de-colocacio\/","og_locale":"ca_ES","og_type":"article","og_title":"Ag\u00e8ncia de col\u00b7locaci\u00f3 | Meditempus","og_description":"Meditempus ETT opera com a Ag\u00e8ncia de Col\u00b7locaci\u00f3, ajudant els candidats a trobar feina i les empreses a captar talent.","og_url":"https:\/\/www.meditempus.com\/ca\/agencia-de-colocacio\/","og_site_name":"Meditempus","article_modified_time":"2025-12-02T09:32:31+00:00","og_image":[{"width":800,"height":200,"url":"https:\/\/www.meditempus.com\/wp-content\/uploads\/2025\/09\/logo-soc.png","type":"image\/png"}],"twitter_card":"summary_large_image","twitter_misc":{"Temps estimat de lectura":"2 minuts"},"schema":{"@context":"https:\/\/schema.org","@graph":[{"@type":"WebPage","@id":"https:\/\/www.meditempus.com\/ca\/agencia-de-colocacio\/","url":"https:\/\/www.meditempus.com\/ca\/agencia-de-colocacio\/","name":"Ag\u00e8ncia de col\u00b7locaci\u00f3 | Meditempus","isPartOf":{"@id":"https:\/\/www.meditempus.com\/ca\/#website"},"primaryImageOfPage":{"@id":"https:\/\/www.meditempus.com\/ca\/agencia-de-colocacio\/#primaryimage"},"image":{"@id":"https:\/\/www.meditempus.com\/ca\/agencia-de-colocacio\/#primaryimage"},"thumbnailUrl":"https:\/\/meditempus.duplotest.com\/web\/wp-content\/uploads\/2025\/09\/logo-soc.png","datePublished":"2025-09-23T07:51:13+00:00","dateModified":"2025-12-02T09:32:31+00:00","description":"Meditempus ETT opera com a Ag\u00e8ncia de Col\u00b7locaci\u00f3, ajudant els candidats a trobar feina i les empreses a captar talent.","breadcrumb":{"@id":"https:\/\/www.meditempus.com\/ca\/agencia-de-colocacio\/#breadcrumb"},"inLanguage":"ca","potentialAction":[{"@type":"ReadAction","target":["https:\/\/www.meditempus.com\/ca\/agencia-de-colocacio\/"]}]},{"@type":"ImageObject","inLanguage":"ca","@id":"https:\/\/www.meditempus.com\/ca\/agencia-de-colocacio\/#primaryimage","url":"https:\/\/meditempus.duplotest.com\/web\/wp-content\/uploads\/2025\/09\/logo-soc.png","contentUrl":"https:\/\/meditempus.duplotest.com\/web\/wp-content\/uploads\/2025\/09\/logo-soc.png"},{"@type":"BreadcrumbList","@id":"https:\/\/www.meditempus.com\/ca\/agencia-de-colocacio\/#breadcrumb","itemListElement":[{"@type":"ListItem","position":1,"name":"Home","item":"https:\/\/www.meditempus.com\/ca\/"},{"@type":"ListItem","position":2,"name":"Ag\u00e8ncia de col\u00b7locaci\u00f3"}]},{"@type":"WebSite","@id":"https:\/\/www.meditempus.com\/ca\/#website","url":"https:\/\/www.meditempus.com\/ca\/","name":"Meditempus","description":"En Meditempus unimos personas, talento y futuro","potentialAction":[{"@type":"SearchAction","target":{"@type":"EntryPoint","urlTemplate":"https:\/\/www.meditempus.com\/ca\/?s={search_term_string}"},"query-input":{"@type":"PropertyValueSpecification","valueRequired":true,"valueName":"search_term_string"}}],"inLanguage":"ca"}]}},"_links":{"self":[{"href":"https:\/\/www.meditempus.com\/ca\/wp-json\/wp\/v2\/pages\/14460","targetHints":{"allow":["GET"]}}],"collection":[{"href":"https:\/\/www.meditempus.com\/ca\/wp-json\/wp\/v2\/pages"}],"about":[{"href":"https:\/\/www.meditempus.com\/ca\/wp-json\/wp\/v2\/types\/page"}],"author":[{"embeddable":true,"href":"https:\/\/www.meditempus.com\/ca\/wp-json\/wp\/v2\/users\/4"}],"replies":[{"embeddable":true,"href":"https:\/\/www.meditempus.com\/ca\/wp-json\/wp\/v2\/comments?post=14460"}],"version-history":[{"count":2,"href":"https:\/\/www.meditempus.com\/ca\/wp-json\/wp\/v2\/pages\/14460\/revisions"}],"predecessor-version":[{"id":14465,"href":"https:\/\/www.meditempus.com\/ca\/wp-json\/wp\/v2\/pages\/14460\/revisions\/14465"}],"wp:attachment":[{"href":"https:\/\/www.meditempus.com\/ca\/wp-json\/wp\/v2\/media?parent=14460"}],"curies":[{"name":"wp","href":"https:\/\/api.w.org\/{rel}","templated":true}]}}